{"id":51822,"date":"2022-12-22T14:25:30","date_gmt":"2022-12-22T13:25:30","guid":{"rendered":"https:\/\/themirrorandorra.com\/depot-et-politique-dannulation\/"},"modified":"2022-12-22T14:25:31","modified_gmt":"2022-12-22T13:25:31","slug":"depot-et-politique-dannulation","status":"publish","type":"page","link":"https:\/\/themirrorandorra.com\/fr\/depot-et-politique-dannulation\/","title":{"rendered":"D\u00e9p\u00f4t et politique d&rsquo;annulation"},"content":{"rendered":"<p>[et_pb_section fb_built=\u00a0\u00bb1&Prime; admin_label=\u00a0\u00bbsection\u00a0\u00bb _builder_version=\u00a0\u00bb4.16&Prime; global_colors_info=\u00a0\u00bb{}\u00a0\u00bb theme_builder_area=\u00a0\u00bbpost_content\u00a0\u00bb][et_pb_row admin_label=\u00a0\u00bbrow\u00a0\u00bb _builder_version=\u00a0\u00bb4.16&Prime; background_size=\u00a0\u00bbinitial\u00a0\u00bb background_position=\u00a0\u00bbtop_left\u00a0\u00bb background_repeat=\u00a0\u00bbrepeat\u00a0\u00bb global_colors_info=\u00a0\u00bb{}\u00a0\u00bb theme_builder_area=\u00a0\u00bbpost_content\u00a0\u00bb][et_pb_column type=\u00a0\u00bb4_4&Prime; _builder_version=\u00a0\u00bb4.16&Prime; custom_padding=\u00a0\u00bb|||\u00a0\u00bb global_colors_info=\u00a0\u00bb{}\u00a0\u00bb custom_padding__hover=\u00a0\u00bb|||\u00a0\u00bb theme_builder_area=\u00a0\u00bbpost_content\u00a0\u00bb][et_pb_text _builder_version=\u00a0\u00bb4.19.3&Prime; _module_preset=\u00a0\u00bbdefault\u00a0\u00bb header_font=\u00a0\u00bb|700|||||||\u00a0\u00bb header_text_color=\u00a0\u00bb#383838&Prime; hover_enabled=\u00a0\u00bb0&Prime; global_colors_info=\u00a0\u00bb{}\u00a0\u00bb theme_builder_area=\u00a0\u00bbpost_content\u00a0\u00bb sticky_enabled=\u00a0\u00bb0&Prime;]<\/p>\n<h1>D\u00e9p\u00f4t et politique d&rsquo;annulation<\/h1>\n<p>[\/et_pb_text][\/et_pb_column][\/et_pb_row][et_pb_row _builder_version=\u00a0\u00bb4.19.0&Prime; _module_preset=\u00a0\u00bbdefault\u00a0\u00bb global_colors_info=\u00a0\u00bb{}\u00a0\u00bb theme_builder_area=\u00a0\u00bbpost_content\u00a0\u00bb][et_pb_column type=\u00a0\u00bb4_4&Prime; _builder_version=\u00a0\u00bb4.19.0&Prime; _module_preset=\u00a0\u00bbdefault\u00a0\u00bb global_colors_info=\u00a0\u00bb{}\u00a0\u00bb theme_builder_area=\u00a0\u00bbpost_content\u00a0\u00bb][et_pb_text _builder_version=\u00a0\u00bb4.19.3&Prime; _module_preset=\u00a0\u00bbdefault\u00a0\u00bb text_text_color=\u00a0\u00bb#383838&Prime; header_2_font=\u00a0\u00bb|700|||||||\u00a0\u00bb header_2_text_color=\u00a0\u00bb#383838&Prime; header_2_font_size=\u00a0\u00bb20px\u00a0\u00bb header_3_text_color=\u00a0\u00bb#383838&Prime; hover_enabled=\u00a0\u00bb0&Prime; global_colors_info=\u00a0\u00bb{}\u00a0\u00bb theme_builder_area=\u00a0\u00bbpost_content\u00a0\u00bb sticky_enabled=\u00a0\u00bb0&Prime;]<\/p>\n<h2>Politique g\u00e9n\u00e9rale<\/h2>\n<p><strong>(hors saison d&rsquo;hiver)<\/strong><\/p>\n<ul>\n<li>L&rsquo;h\u00f4tel percevra un acompte de 20% au moment de la r\u00e9servation.<\/li>\n<li>Un lien de paiement en ligne vous sera fourni et les 80% restants de la r\u00e9servation devront \u00eatre pay\u00e9s dans les 24 heures avant le jour de l&rsquo;arriv\u00e9e \u00e0 l&rsquo;h\u00e9bergement.<\/li>\n<li>Les annulations ou modifications jusqu&rsquo;\u00e0 7 jours avant la date d&rsquo;arriv\u00e9e, n&rsquo;ont pas de frais d&rsquo;annulation.<\/li>\n<li>Les annulations ou modifications en dehors de cette p\u00e9riode seront factur\u00e9es pour la premi\u00e8re nuit du s\u00e9jour.<\/li>\n<\/ul>\n<p>&nbsp;<\/p>\n<h2>Politique en saison d&rsquo;hiver<\/h2>\n<p><strong>(du 1er d\u00e9cembre 2022 au 8 avril 2023)<\/strong><\/p>\n<ul>\n<li>Un pr\u00e9paiement de 50 % est exig\u00e9 au moment de la r\u00e9servation. Un lien de paiement en ligne s\u00e9curis\u00e9 vous sera envoy\u00e9 pour formaliser votre r\u00e9servation.<\/li>\n<li>Annulations ou modifications jusqu&rsquo;\u00e0 10 jours avant la date d&rsquo;arriv\u00e9e, il n&rsquo;y aura pas de frais d&rsquo;annulation et le pr\u00e9paiement sera rembours\u00e9.<\/li>\n<li>Annulations ou modifications \u00e0 partir de 9 jours avant la date d&rsquo;arriv\u00e9e, la p\u00e9nalit\u00e9 sera l&rsquo;acompte de 50%.<\/li>\n<li>Annulations ou modifications \u00e0 moins de 48 heures. avant la date d&rsquo;arriv\u00e9e ou de non-pr\u00e9sentation, la p\u00e9nalit\u00e9 sera le co\u00fbt total du s\u00e9jour.<\/li>\n<\/ul>\n<p><strong><\/strong><\/p>\n<p><strong>(Du 25 d\u00e9cembre au 3 janvier et du 8 au 28 f\u00e9vrier, ce d\u00e9lai de r\u00e9tractation sera<\/strong><br \/><strong>30 jours &#8211; toutes les r\u00e9servations dans cette p\u00e9riode de dates ont l&rsquo;annulation maximale)<\/strong><\/p>\n<p>[\/et_pb_text][et_pb_text _builder_version=\u00a0\u00bb4.19.3&Prime; _module_preset=\u00a0\u00bbdefault\u00a0\u00bb text_text_color=\u00a0\u00bb#7c7c7c\u00a0\u00bb header_2_font=\u00a0\u00bb|700|||||||\u00a0\u00bb header_2_text_color=\u00a0\u00bb#383838&Prime; header_2_font_size=\u00a0\u00bb20px\u00a0\u00bb header_3_text_color=\u00a0\u00bb#383838&Prime; hover_enabled=\u00a0\u00bb0&Prime; global_colors_info=\u00a0\u00bb{}\u00a0\u00bb theme_builder_area=\u00a0\u00bbpost_content\u00a0\u00bb sticky_enabled=\u00a0\u00bb0&Prime; text_font=\u00a0\u00bb||on||||||\u00a0\u00bb text_font_size=\u00a0\u00bb15px\u00a0\u00bb]<\/p>\n<p>*Leo SLU ( The Mirror ) se r\u00e9serve le droit d&rsquo;effectuer les frais correspondant \u00e0 ses conditions d&rsquo;annulation sur la carte de cr\u00e9dit fournie par le client au moment de la r\u00e9servation.<br \/>*Leo SLU (The Mirror) se r\u00e9serve le droit de v\u00e9rifier la validit\u00e9 et les donn\u00e9es de la carte de cr\u00e9dit fournie au moment de la r\u00e9servation et si elle n&rsquo;est pas valide, d&rsquo;annuler la r\u00e9servation.<\/p>\n<p>[\/et_pb_text][\/et_pb_column][\/et_pb_row][\/et_pb_section]<\/p>\n","protected":false},"excerpt":{"rendered":"<p>D\u00e9p\u00f4t et politique d&rsquo;annulationPolitique g\u00e9n\u00e9rale (hors saison d&rsquo;hiver) L&rsquo;h\u00f4tel percevra un acompte de 20% au moment de la r\u00e9servation. Un lien de paiement en ligne vous sera fourni et les 80% restants de la r\u00e9servation devront \u00eatre pay\u00e9s dans les 24 heures avant le jour de l&rsquo;arriv\u00e9e \u00e0 l&rsquo;h\u00e9bergement. Les annulations ou modifications jusqu&rsquo;\u00e0 7 [&hellip;]<\/p>\n","protected":false},"author":1,"featured_media":0,"parent":0,"menu_order":0,"comment_status":"closed","ping_status":"closed","template":"","meta":{"_et_pb_use_builder":"on","_et_pb_old_content":"","_et_gb_content_width":"","_joinchat":[],"footnotes":""},"class_list":["post-51822","page","type-page","status-publish","hentry"],"_links":{"self":[{"href":"https:\/\/themirrorandorra.com\/fr\/wp-json\/wp\/v2\/pages\/51822","targetHints":{"allow":["GET"]}}],"collection":[{"href":"https:\/\/themirrorandorra.com\/fr\/wp-json\/wp\/v2\/pages"}],"about":[{"href":"https:\/\/themirrorandorra.com\/fr\/wp-json\/wp\/v2\/types\/page"}],"author":[{"embeddable":true,"href":"https:\/\/themirrorandorra.com\/fr\/wp-json\/wp\/v2\/users\/1"}],"replies":[{"embeddable":true,"href":"https:\/\/themirrorandorra.com\/fr\/wp-json\/wp\/v2\/comments?post=51822"}],"version-history":[{"count":0,"href":"https:\/\/themirrorandorra.com\/fr\/wp-json\/wp\/v2\/pages\/51822\/revisions"}],"wp:attachment":[{"href":"https:\/\/themirrorandorra.com\/fr\/wp-json\/wp\/v2\/media?parent=51822"}],"curies":[{"name":"wp","href":"https:\/\/api.w.org\/{rel}","templated":true}]}}