{"id":51717,"date":"2022-12-06T20:00:46","date_gmt":"2022-12-06T19:00:46","guid":{"rendered":"https:\/\/themirrorandorra.com\/page-daccueil\/"},"modified":"2025-04-25T08:41:24","modified_gmt":"2025-04-25T06:41:24","slug":"page-daccueil","status":"publish","type":"page","link":"https:\/\/themirrorandorra.com\/fr\/","title":{"rendered":"Page d&rsquo;accueil"},"content":{"rendered":"<p>[et_pb_section fb_built=\u00a0\u00bb1&Prime; fullwidth=\u00a0\u00bbon\u00a0\u00bb _builder_version=\u00a0\u00bb4.19.0&Prime; _module_preset=\u00a0\u00bbdefault\u00a0\u00bb background_color=\u00a0\u00bb#141414&Prime; global_colors_info=\u00a0\u00bb{}\u00a0\u00bb][et_pb_fullwidth_slider _builder_version=\u00a0\u00bb4.21.0&Prime; _module_preset=\u00a0\u00bbdefault\u00a0\u00bb height=\u00a0\u00bb60vh\u00a0\u00bb height_tablet=\u00a0\u00bb46vw\u00a0\u00bb height_phone=\u00a0\u00bb70vw\u00a0\u00bb height_last_edited=\u00a0\u00bbon|phone\u00a0\u00bb auto=\u00a0\u00bbon\u00a0\u00bb auto_speed=\u00a0\u00bb4000&Prime; global_colors_info=\u00a0\u00bb{}\u00a0\u00bb][et_pb_slide _builder_version=\u00a0\u00bb4.21.0&Prime; _module_preset=\u00a0\u00bbdefault\u00a0\u00bb background_enable_color=\u00a0\u00bboff\u00a0\u00bb background_image=\u00a0\u00bbhttps:\/\/the-mirror-andorra.fra1.digitaloceanspaces.com\/wp-content\/uploads\/2023\/09\/andorra-invierno-scaled.jpg\u00a0\u00bb background_enable_image=\u00a0\u00bbon\u00a0\u00bb global_colors_info=\u00a0\u00bb{}\u00a0\u00bb sticky_transition=\u00a0\u00bbon\u00a0\u00bb][\/et_pb_slide][et_pb_slide _builder_version=\u00a0\u00bb4.21.0&Prime; _module_preset=\u00a0\u00bbdefault\u00a0\u00bb background_enable_color=\u00a0\u00bboff\u00a0\u00bb background_image=\u00a0\u00bbhttps:\/\/the-mirror-andorra.fra1.digitaloceanspaces.com\/wp-content\/uploads\/2023\/03\/FBM_5932.jpg\u00a0\u00bb background_enable_image=\u00a0\u00bbon\u00a0\u00bb global_colors_info=\u00a0\u00bb{}\u00a0\u00bb sticky_transition=\u00a0\u00bbon\u00a0\u00bb][\/et_pb_slide][et_pb_slide _builder_version=\u00a0\u00bb4.21.0&Prime; _module_preset=\u00a0\u00bbdefault\u00a0\u00bb background_enable_color=\u00a0\u00bboff\u00a0\u00bb background_image=\u00a0\u00bbhttps:\/\/the-mirror-andorra.fra1.digitaloceanspaces.com\/wp-content\/uploads\/2022\/11\/sessio_fotos_activitats_aventura_grau_roig_roc_roi_25-scaled.jpg\u00a0\u00bb background_enable_image=\u00a0\u00bbon\u00a0\u00bb global_colors_info=\u00a0\u00bb{}\u00a0\u00bb sticky_transition=\u00a0\u00bbon\u00a0\u00bb][\/et_pb_slide][et_pb_slide _builder_version=\u00a0\u00bb4.21.0&Prime; _module_preset=\u00a0\u00bbdefault\u00a0\u00bb background_enable_color=\u00a0\u00bboff\u00a0\u00bb background_image=\u00a0\u00bbhttps:\/\/the-mirror-andorra.fra1.digitaloceanspaces.com\/wp-content\/uploads\/2023\/03\/BGN_6943.jpg\u00a0\u00bb background_enable_image=\u00a0\u00bbon\u00a0\u00bb global_colors_info=\u00a0\u00bb{}\u00a0\u00bb sticky_transition=\u00a0\u00bbon\u00a0\u00bb][\/et_pb_slide][\/et_pb_fullwidth_slider][\/et_pb_section][et_pb_section fb_built=\u00a0\u00bb1&Prime; custom_padding_last_edited=\u00a0\u00bbon|tablet\u00a0\u00bb _builder_version=\u00a0\u00bb4.19.0&Prime; _module_preset=\u00a0\u00bbdefault\u00a0\u00bb background_color=\u00a0\u00bbRGBA(255,255,255,0)\u00a0\u00bb custom_padding=\u00a0\u00bb70px||65px||false|false\u00a0\u00bb custom_padding_tablet=\u00a0\u00bb60px||60px||false|false\u00a0\u00bb custom_padding_phone=\u00a0\u00bb20px||50px||false|false\u00a0\u00bb global_colors_info=\u00a0\u00bb{}\u00a0\u00bb][et_pb_row custom_padding_last_edited=\u00a0\u00bboff|desktop\u00a0\u00bb _builder_version=\u00a0\u00bb4.19.4&Prime; _module_preset=\u00a0\u00bbdefault\u00a0\u00bb width_tablet=\u00a0\u00bb60%\u00a0\u00bb width_phone=\u00a0\u00bb75%\u00a0\u00bb width_last_edited=\u00a0\u00bbon|tablet\u00a0\u00bb max_width=\u00a0\u00bb800px\u00a0\u00bb max_width_tablet=\u00a0\u00bb500px\u00a0\u00bb max_width_phone=\u00a0\u00bb500px\u00a0\u00bb max_width_last_edited=\u00a0\u00bboff|desktop\u00a0\u00bb custom_margin=\u00a0\u00bb||40px||false|false\u00a0\u00bb custom_padding=\u00a0\u00bb0px||0px||false|false\u00a0\u00bb custom_padding_tablet=\u00a0\u00bb10px||20px||false|false\u00a0\u00bb custom_padding_phone=\u00a0\u00bb0px||15px||false|false\u00a0\u00bb global_colors_info=\u00a0\u00bb{}\u00a0\u00bb][et_pb_column type=\u00a0\u00bb4_4&Prime; _builder_version=\u00a0\u00bb4.16&Prime; _module_preset=\u00a0\u00bbdefault\u00a0\u00bb global_colors_info=\u00a0\u00bb{}\u00a0\u00bb][et_pb_image src=\u00a0\u00bbhttps:\/\/the-mirror-andorra.fra1.digitaloceanspaces.com\/wp-content\/uploads\/2022\/11\/iso-mirror.png\u00a0\u00bb title_text=\u00a0\u00bbiso-mirror\u00a0\u00bb align=\u00a0\u00bbright\u00a0\u00bb align_tablet=\u00a0\u00bbright\u00a0\u00bb align_phone=\u00a0\u00bbcenter\u00a0\u00bb align_last_edited=\u00a0\u00bbon|phone\u00a0\u00bb _builder_version=\u00a0\u00bb4.19.0&Prime; _module_preset=\u00a0\u00bbdefault\u00a0\u00bb positioning=\u00a0\u00bbabsolute\u00a0\u00bb vertical_offset=\u00a0\u00bb0px\u00a0\u00bb horizontal_offset=\u00a0\u00bb-167px\u00a0\u00bb vertical_offset_tablet=\u00a0\u00bb3px\u00a0\u00bb vertical_offset_phone=\u00a0\u00bb0px\u00a0\u00bb vertical_offset_last_edited=\u00a0\u00bbon|phone\u00a0\u00bb horizontal_offset_tablet=\u00a0\u00bb-85px\u00a0\u00bb horizontal_offset_phone=\u00a0\u00bb0px\u00a0\u00bb horizontal_offset_last_edited=\u00a0\u00bbon|phone\u00a0\u00bb position_origin_a_tablet=\u00a0\u00bb\u00a0\u00bb position_origin_a_phone=\u00a0\u00bb\u00a0\u00bb position_origin_a_last_edited=\u00a0\u00bbon|phone\u00a0\u00bb position_origin_f_tablet=\u00a0\u00bb\u00a0\u00bb position_origin_f_phone=\u00a0\u00bb\u00a0\u00bb position_origin_f_last_edited=\u00a0\u00bbon|phone\u00a0\u00bb position_origin_r_tablet=\u00a0\u00bb\u00a0\u00bb position_origin_r_phone=\u00a0\u00bb\u00a0\u00bb position_origin_r_last_edited=\u00a0\u00bbon|phone\u00a0\u00bb width=\u00a0\u00bb100%\u00a0\u00bb max_width=\u00a0\u00bb150px\u00a0\u00bb max_width_tablet=\u00a0\u00bb67px\u00a0\u00bb max_width_phone=\u00a0\u00bb85px\u00a0\u00bb max_width_last_edited=\u00a0\u00bbon|phone\u00a0\u00bb custom_margin=\u00a0\u00bb||0px||false|false\u00a0\u00bb custom_margin_tablet=\u00a0\u00bb||0px||false|false\u00a0\u00bb custom_margin_phone=\u00a0\u00bb||15px||false|false\u00a0\u00bb custom_margin_last_edited=\u00a0\u00bbon|phone\u00a0\u00bb filter_invert=\u00a0\u00bb100%\u00a0\u00bb positioning_tablet=\u00a0\u00bbabsolute\u00a0\u00bb positioning_phone=\u00a0\u00bbrelative\u00a0\u00bb positioning_last_edited=\u00a0\u00bbon|tablet\u00a0\u00bb z_index_tablet=\u00a0\u00bb\u00a0\u00bb z_index_phone=\u00a0\u00bb\u00a0\u00bb z_index_last_edited=\u00a0\u00bbon|tablet\u00a0\u00bb locked=\u00a0\u00bboff\u00a0\u00bb global_colors_info=\u00a0\u00bb{}\u00a0\u00bb][\/et_pb_image][et_pb_text _builder_version=\u00a0\u00bb4.21.0&Prime; _module_preset=\u00a0\u00bbdefault\u00a0\u00bb header_2_font=\u00a0\u00bbPoppins|700|||||||\u00a0\u00bb header_2_text_color=\u00a0\u00bb#FFFFFF\u00a0\u00bb header_2_font_size=\u00a0\u00bb32px\u00a0\u00bb header_2_letter_spacing=\u00a0\u00bb2px\u00a0\u00bb header_2_line_height=\u00a0\u00bb1.2em\u00a0\u00bb custom_margin=\u00a0\u00bb||0px||false|false\u00a0\u00bb header_2_font_size_tablet=\u00a0\u00bb30px\u00a0\u00bb header_2_font_size_phone=\u00a0\u00bb24px\u00a0\u00bb header_2_font_size_last_edited=\u00a0\u00bbon|phone\u00a0\u00bb global_colors_info=\u00a0\u00bb{}\u00a0\u00bb]<\/p>\n<h2><span>Appartements de luxe \u00e0 la montagne<\/span><\/h2>\n<p>[\/et_pb_text][et_pb_text _builder_version=\u00a0\u00bb4.19.0&Prime; _module_preset=\u00a0\u00bbdefault\u00a0\u00bb text_font=\u00a0\u00bb|300|||||||\u00a0\u00bb text_font_size=\u00a0\u00bb17px\u00a0\u00bb global_colors_info=\u00a0\u00bb{}\u00a0\u00bb]<\/p>\n<p>Con\u00e7u avec une touche d&rsquo;\u00e9l\u00e9gance qui fait la diff\u00e9rence avec les complexes d&rsquo;appartements conventionnels, l&rsquo;Apart h\u00f4tel The Mirror 5* abrite des appartements \u00e0 plusieurs capacit\u00e9s, enti\u00e8rement \u00e9quip\u00e9s et aux vues spectaculaires sur les pistes de ski d&rsquo;El Tarter, situ\u00e9es dans le domaine de Grandvalira. Il s\u2019agit d\u2019un \u00e9tablissement tr\u00e8s appropri\u00e9 pour les familles avec des enfants ou pour les petits groupes d&rsquo;amis. Il est tout de m\u00eame parfait pour accueillir les couples qui souhaitent profiter de la d\u00e9tente, gr\u00e2ce \u00e0 l\u2019espace spa situ\u00e9 dans l\u2019\u00e9tablissement. Il est \u00e0 noter que les clients peuvent utiliser la connexion Wi-Fi dans tout le complexe, et qu&rsquo;il existe la possibilit\u00e9 de louer des places de parking int\u00e9rieures suppl\u00e9mentaires.<\/p>\n<p>[\/et_pb_text][\/et_pb_column][\/et_pb_row][et_pb_row _builder_version=\u00a0\u00bb4.21.0&Prime; _module_preset=\u00a0\u00bbdefault\u00a0\u00bb global_colors_info=\u00a0\u00bb{}\u00a0\u00bb][et_pb_column type=\u00a0\u00bb4_4&Prime; _builder_version=\u00a0\u00bb4.19.4&Prime; _module_preset=\u00a0\u00bbdefault\u00a0\u00bb global_colors_info=\u00a0\u00bb{}\u00a0\u00bb][et_pb_button button_url=\u00a0\u00bb@ET-DC@eyJkeW5hbWljIjp0cnVlLCJjb250ZW50IjoicG9zdF9saW5rX3VybF9wYWdlIiwic2V0dGluZ3MiOnsicG9zdF9pZCI6IjUxODc3IiwiZW5hYmxlX2h0bWwiOiJvZmYifX0=@\u00a0\u00bb url_new_window=\u00a0\u00bbon\u00a0\u00bb button_text=\u00a0\u00bbReserver\u00a0\u00bb button_alignment=\u00a0\u00bbcenter\u00a0\u00bb _builder_version=\u00a0\u00bb4.21.0&Prime; _dynamic_attributes=\u00a0\u00bbbutton_url\u00a0\u00bb _module_preset=\u00a0\u00bbdefault\u00a0\u00bb custom_button=\u00a0\u00bbon\u00a0\u00bb button_text_size=\u00a0\u00bb26px\u00a0\u00bb button_text_color=\u00a0\u00bb#FFFFFF\u00a0\u00bb button_bg_color=\u00a0\u00bbrgba(114,114,114,0.78)\u00a0\u00bb button_border_width=\u00a0\u00bb0px\u00a0\u00bb button_border_radius=\u00a0\u00bb35px\u00a0\u00bb button_letter_spacing=\u00a0\u00bb4px\u00a0\u00bb button_font=\u00a0\u00bbHind|600||on|||||\u00a0\u00bb button_use_icon=\u00a0\u00bboff\u00a0\u00bb position_origin_f=\u00a0\u00bbbottom_right\u00a0\u00bb vertical_offset=\u00a0\u00bb45px\u00a0\u00bb horizontal_offset=\u00a0\u00bb45px\u00a0\u00bb z_index=\u00a0\u00bb99&Prime; custom_margin=\u00a0\u00bb||||false|false\u00a0\u00bb custom_margin_tablet=\u00a0\u00bb|25px|25px||false|false\u00a0\u00bb custom_margin_phone=\u00a0\u00bb|25px|25px||false|false\u00a0\u00bb custom_margin_last_edited=\u00a0\u00bboff|desktop\u00a0\u00bb custom_padding=\u00a0\u00bb11px|27px|8px|27px|false|true\u00a0\u00bb custom_padding_tablet=\u00a0\u00bb8px|25px|5px|25px|false|true\u00a0\u00bb custom_padding_phone=\u00a0\u00bb9px|22px|6px|22px|false|true\u00a0\u00bb custom_padding_last_edited=\u00a0\u00bbon|phone\u00a0\u00bb button_text_size_tablet=\u00a0\u00bb24px\u00a0\u00bb button_text_size_phone=\u00a0\u00bb24px\u00a0\u00bb button_text_size_last_edited=\u00a0\u00bbon|phone\u00a0\u00bb locked=\u00a0\u00bboff\u00a0\u00bb global_colors_info=\u00a0\u00bb{}\u00a0\u00bb button_bg_color__hover_enabled=\u00a0\u00bbon|desktop\u00a0\u00bb button_bg_color__hover=\u00a0\u00bbrgba(202,193,184,0.62)\u00a0\u00bb button_bg_enable_color__hover=\u00a0\u00bbon\u00a0\u00bb][\/et_pb_button][\/et_pb_column][\/et_pb_row][\/et_pb_section][et_pb_section fb_built=\u00a0\u00bb1&Prime; fullwidth=\u00a0\u00bbon\u00a0\u00bb _builder_version=\u00a0\u00bb4.19.0&Prime; _module_preset=\u00a0\u00bbdefault\u00a0\u00bb background_enable_color=\u00a0\u00bboff\u00a0\u00bb global_colors_info=\u00a0\u00bb{}\u00a0\u00bb][et_pb_fullwidth_slider _builder_version=\u00a0\u00bb4.21.0&Prime; _module_preset=\u00a0\u00bbdefault\u00a0\u00bb height=\u00a0\u00bb60vh\u00a0\u00bb height_tablet=\u00a0\u00bb46vw\u00a0\u00bb height_phone=\u00a0\u00bb70vw\u00a0\u00bb height_last_edited=\u00a0\u00bbon|phone\u00a0\u00bb auto=\u00a0\u00bbon\u00a0\u00bb auto_speed=\u00a0\u00bb4000&Prime; global_colors_info=\u00a0\u00bb{}\u00a0\u00bb][et_pb_slide _builder_version=\u00a0\u00bb4.21.0&Prime; _module_preset=\u00a0\u00bbdefault\u00a0\u00bb background_enable_color=\u00a0\u00bboff\u00a0\u00bb background_image=\u00a0\u00bbhttps:\/\/the-mirror-andorra.fra1.digitaloceanspaces.com\/wp-content\/uploads\/2022\/11\/grandvalira_02.jpg\u00a0\u00bb background_enable_image=\u00a0\u00bbon\u00a0\u00bb global_colors_info=\u00a0\u00bb{}\u00a0\u00bb sticky_transition=\u00a0\u00bbon\u00a0\u00bb][\/et_pb_slide][et_pb_slide _builder_version=\u00a0\u00bb4.21.0&Prime; _module_preset=\u00a0\u00bbdefault\u00a0\u00bb background_enable_color=\u00a0\u00bboff\u00a0\u00bb background_image=\u00a0\u00bbhttps:\/\/the-mirror-andorra.fra1.digitaloceanspaces.com\/wp-content\/uploads\/2020\/11\/11032020-Actividades_Raquetas_Amigos_Grau_Emilio-93-2_resultado.jpg\u00a0\u00bb background_enable_image=\u00a0\u00bbon\u00a0\u00bb global_colors_info=\u00a0\u00bb{}\u00a0\u00bb sticky_transition=\u00a0\u00bbon\u00a0\u00bb][\/et_pb_slide][et_pb_slide _builder_version=\u00a0\u00bb4.21.0&Prime; _module_preset=\u00a0\u00bbdefault\u00a0\u00bb background_enable_color=\u00a0\u00bboff\u00a0\u00bb background_image=\u00a0\u00bbhttps:\/\/the-mirror-andorra.fra1.digitaloceanspaces.com\/wp-content\/uploads\/2023\/01\/skier-skiing-in-the-mountains-2022-05-10-23-57-11-utc-scaled.jpg\u00a0\u00bb background_enable_image=\u00a0\u00bbon\u00a0\u00bb global_colors_info=\u00a0\u00bb{}\u00a0\u00bb sticky_transition=\u00a0\u00bbon\u00a0\u00bb][\/et_pb_slide][\/et_pb_fullwidth_slider][\/et_pb_section][et_pb_section fb_built=\u00a0\u00bb1&Prime; custom_padding_last_edited=\u00a0\u00bbon|phone\u00a0\u00bb _builder_version=\u00a0\u00bb4.21.0&Prime; _module_preset=\u00a0\u00bbdefault\u00a0\u00bb background_color=\u00a0\u00bbRGBA(255,255,255,0)\u00a0\u00bb custom_padding=\u00a0\u00bb70px||65px||false|false\u00a0\u00bb custom_padding_tablet=\u00a0\u00bb60px||60px||false|false\u00a0\u00bb custom_padding_phone=\u00a0\u00bb45px||45px||false|false\u00a0\u00bb global_colors_info=\u00a0\u00bb{}\u00a0\u00bb][et_pb_row column_structure=\u00a0\u00bb2_3,1_3&Prime; _builder_version=\u00a0\u00bb4.19.0&Prime; _module_preset=\u00a0\u00bbdefault\u00a0\u00bb width_tablet=\u00a0\u00bb60%\u00a0\u00bb width_phone=\u00a0\u00bb75%\u00a0\u00bb width_last_edited=\u00a0\u00bbon|phone\u00a0\u00bb custom_padding=\u00a0\u00bb0px||0px||false|false\u00a0\u00bb global_colors_info=\u00a0\u00bb{}\u00a0\u00bb][et_pb_column type=\u00a0\u00bb2_3&Prime; _builder_version=\u00a0\u00bb4.16&Prime; _module_preset=\u00a0\u00bbdefault\u00a0\u00bb global_colors_info=\u00a0\u00bb{}\u00a0\u00bb][et_pb_text _builder_version=\u00a0\u00bb4.21.0&Prime; _module_preset=\u00a0\u00bbdefault\u00a0\u00bb header_2_font=\u00a0\u00bbPoppins|700|||||||\u00a0\u00bb header_2_text_color=\u00a0\u00bb#FFFFFF\u00a0\u00bb header_2_font_size=\u00a0\u00bb32px\u00a0\u00bb header_2_letter_spacing=\u00a0\u00bb2px\u00a0\u00bb header_2_line_height=\u00a0\u00bb1.2em\u00a0\u00bb custom_margin=\u00a0\u00bb||0px||false|false\u00a0\u00bb header_2_font_size_tablet=\u00a0\u00bb30px\u00a0\u00bb header_2_font_size_phone=\u00a0\u00bb24px\u00a0\u00bb header_2_font_size_last_edited=\u00a0\u00bbon|phone\u00a0\u00bb global_colors_info=\u00a0\u00bb{}\u00a0\u00bb]<\/p>\n<h2><span>Un emplacement de r\u00eave<\/span><\/h2>\n<p>[\/et_pb_text][et_pb_text _builder_version=\u00a0\u00bb4.19.0&Prime; _module_preset=\u00a0\u00bbdefault\u00a0\u00bb text_font=\u00a0\u00bb|300|||||||\u00a0\u00bb text_font_size=\u00a0\u00bb17px\u00a0\u00bb global_colors_info=\u00a0\u00bb{}\u00a0\u00bb]<\/p>\n<p>Parmi les avantages de l&rsquo;Apart h\u00f4tel The Mirror, se trouve son emplacement privil\u00e9gi\u00e9, \u00e0 seulement 200 m\u00e8tres du t\u00e9l\u00e9si\u00e8ge TSF2 Riba qui m\u00e8ne aux pistes de Tarter, dans la zone de Grandvalira, en Andorre. Ce domaine skiable est le deuxi\u00e8me plus grand d&rsquo;Europe. De m\u00eame, ceux qui s\u00e9journent dans le complexe seront \u00e0 un peu plus d&rsquo;un kilom\u00e8tre du t\u00e9l\u00e9ph\u00e9rique du Tarter et \u00e0 environ 7 kilom\u00e8tres de Tossa de Llosada. Cette descente, situ\u00e9 \u00e0 la ville d&rsquo;El Tarter est la plus longue des Pyr\u00e9n\u00e9es et permet d\u2019appr\u00e9cier pr\u00e8s de 10 kilom\u00e8tres de ski continu. Dans la ville, vous trouverez toutes sortes de magasins et m\u00eame vous pourrez visiter l&rsquo;\u00e9glise de San Pere d\u2019El Tarter.<\/p>\n<p>[\/et_pb_text][\/et_pb_column][et_pb_column type=\u00a0\u00bb1_3&Prime; _builder_version=\u00a0\u00bb4.16&Prime; _module_preset=\u00a0\u00bbdefault\u00a0\u00bb global_colors_info=\u00a0\u00bb{}\u00a0\u00bb][et_pb_code raw_content_tablet=\u00a0\u00bb<iframe src=%22https:\/\/www.google.com\/maps\/embed?pb=!1m14!1m8!1m3!1d14475.39667335269!2d1.6405634301025385!3d42.57813429462862!3m2!1i1024!2i768!4f13.1!3m3!1m2!1s0x0%3A0x3bc52c2dbfd8d009!2sSport%20Vip%20Residences!5e1!3m2!1ses!2ses!4v1607968443988!5m2!1ses!2ses%22 width=%22100%%22 height=%22350%22 frameborder=%220%22 style=%22border:0;%22 allowfullscreen=%22%22 aria-hidden=%22false%22 tabindex=%220%22><\/iframe>\u00a0\u00bb raw_content_phone=\u00a0\u00bb<iframe src=%22https:\/\/www.google.com\/maps\/embed?pb=!1m14!1m8!1m3!1d14475.39667335269!2d1.6405634301025385!3d42.57813429462862!3m2!1i1024!2i768!4f13.1!3m3!1m2!1s0x0%3A0x3bc52c2dbfd8d009!2sSport%20Vip%20Residences!5e1!3m2!1ses!2ses!4v1607968443988!5m2!1ses!2ses%22 width=%22100%%22 height=%22320%22 frameborder=%220%22 style=%22border:0;%22 allowfullscreen=%22%22 aria-hidden=%22false%22 tabindex=%220%22><\/iframe>\u00a0\u00bb raw_content_last_edited=\u00a0\u00bboff|desktop\u00a0\u00bb _builder_version=\u00a0\u00bb4.19.0&Prime; _module_preset=\u00a0\u00bbdefault\u00a0\u00bb background_color=\u00a0\u00bb#2B2B2B\u00a0\u00bb custom_margin=\u00a0\u00bb||15px||false|false\u00a0\u00bb border_radii=\u00a0\u00bbon|20px|20px|20px|20px\u00a0\u00bb global_colors_info=\u00a0\u00bb{}\u00a0\u00bb]<iframe src=\"https:\/\/www.google.com\/maps\/embed?pb=!1m17!1m12!1m3!1d2937.8162456645705!2d1.6449934154632857!3d42.58042257917266!2m3!1f0!2f0!3f0!3m2!1i1024!2i768!4f13.1!3m2!1m1!2zNDLCsDM0JzQ5LjUiTiAxwrAzOCc0OS45IkU!5e0!3m2!1ses!2ses!4v1669060677774!5m2!1ses!2ses\" width=\"100%\" height=\"300\" style=\"border:0;\" allowfullscreen=\"\" loading=\"lazy\" referrerpolicy=\"no-referrer-when-downgrade\"><\/iframe>[\/et_pb_code][et_pb_blurb title=\u00a0\u00bbVoir sur Google\u00a0\u00bb use_icon=\u00a0\u00bbon\u00a0\u00bb font_icon=\u00a0\u00bb&#x2e;||divi||400&Prime; icon_color=\u00a0\u00bb#FFFFFF\u00a0\u00bb icon_placement=\u00a0\u00bbleft\u00a0\u00bb image_icon_width=\u00a0\u00bb17px\u00a0\u00bb _builder_version=\u00a0\u00bb4.19.5&Prime; _module_preset=\u00a0\u00bbdefault\u00a0\u00bb header_font=\u00a0\u00bb|600||on|||||\u00a0\u00bb header_text_color=\u00a0\u00bb#FFFFFF\u00a0\u00bb header_font_size=\u00a0\u00bb14px\u00a0\u00bb width=\u00a0\u00bb200px\u00a0\u00bb module_alignment=\u00a0\u00bbcenter\u00a0\u00bb link_option_url=\u00a0\u00bbhttps:\/\/www.google.com\/maps\/place\/The+Mirror+Andorra\/@42.5805475,1.6468418,15z\/data=!4m6!3m5!1s0x12af6303a5860fb3:0x5951f90808d9547!8m2!3d42.5805475!4d1.6468418!16s%2Fg%2F11sf3mtxmb?hl=es\u00a0\u00bb link_option_url_new_window=\u00a0\u00bbon\u00a0\u00bb custom_css_blurb_image=\u00a0\u00bbwidth:15px\u00a0\u00bb global_colors_info=\u00a0\u00bb{}\u00a0\u00bb header_text_color__hover_enabled=\u00a0\u00bbon|hover\u00a0\u00bb header_text_color__hover=\u00a0\u00bb#E2E2E2&Prime;][\/et_pb_blurb][\/et_pb_column][\/et_pb_row][et_pb_row make_equal=\u00a0\u00bbon\u00a0\u00bb _builder_version=\u00a0\u00bb4.19.0&Prime; _module_preset=\u00a0\u00bbdefault\u00a0\u00bb custom_padding=\u00a0\u00bb||0px||false|false\u00a0\u00bb animation_direction=\u00a0\u00bbbottom\u00a0\u00bb global_colors_info=\u00a0\u00bb{}\u00a0\u00bb][et_pb_column type=\u00a0\u00bb4_4&Prime; _builder_version=\u00a0\u00bb4.19.0&Prime; _module_preset=\u00a0\u00bbdefault\u00a0\u00bb background_enable_color=\u00a0\u00bboff\u00a0\u00bb animation_style=\u00a0\u00bbslide\u00a0\u00bb animation_direction=\u00a0\u00bbbottom\u00a0\u00bb animation_duration=\u00a0\u00bb1200ms\u00a0\u00bb animation_intensity_slide=\u00a0\u00bb5%\u00a0\u00bb global_colors_info=\u00a0\u00bb{}\u00a0\u00bb][et_pb_text _builder_version=\u00a0\u00bb4.21.0&Prime; _module_preset=\u00a0\u00bbdefault\u00a0\u00bb header_font=\u00a0\u00bbPoppins|700|||||||\u00a0\u00bb header_letter_spacing=\u00a0\u00bb2px\u00a0\u00bb header_line_height=\u00a0\u00bb1.2em\u00a0\u00bb header_2_font=\u00a0\u00bbPoppins|700|||||||\u00a0\u00bb header_2_font_size=\u00a0\u00bb25px\u00a0\u00bb header_2_letter_spacing=\u00a0\u00bb2px\u00a0\u00bb header_2_line_height=\u00a0\u00bb1.2em\u00a0\u00bb custom_margin=\u00a0\u00bb||15px||false|false\u00a0\u00bb header_font_size_tablet=\u00a0\u00bb30px\u00a0\u00bb header_font_size_phone=\u00a0\u00bb24px\u00a0\u00bb header_font_size_last_edited=\u00a0\u00bbon|phone\u00a0\u00bb header_2_font_size_tablet=\u00a0\u00bb21px\u00a0\u00bb header_2_font_size_phone=\u00a0\u00bb19px\u00a0\u00bb header_2_font_size_last_edited=\u00a0\u00bbon|phone\u00a0\u00bb global_colors_info=\u00a0\u00bb{}\u00a0\u00bb]<\/p>\n<h2><span>Contactez notre \u00e9quipe<\/span><\/h2>\n<p>[\/et_pb_text][et_pb_text _builder_version=\u00a0\u00bb4.27.4&Prime; _module_preset=\u00a0\u00bbdefault\u00a0\u00bb text_font=\u00a0\u00bb|300|||||||\u00a0\u00bb text_font_size=\u00a0\u00bb17px\u00a0\u00bb text_letter_spacing=\u00a0\u00bb1px\u00a0\u00bb link_font=\u00a0\u00bb||||on||||\u00a0\u00bb header_font=\u00a0\u00bbPoppins|700|||||||\u00a0\u00bb header_letter_spacing=\u00a0\u00bb2px\u00a0\u00bb header_line_height=\u00a0\u00bb1.2em\u00a0\u00bb header_2_font=\u00a0\u00bbPoppins|700||on|||||\u00a0\u00bb header_2_font_size=\u00a0\u00bb18px\u00a0\u00bb header_2_letter_spacing=\u00a0\u00bb2px\u00a0\u00bb header_2_line_height=\u00a0\u00bb1.2em\u00a0\u00bb custom_margin=\u00a0\u00bb||12px||false|false\u00a0\u00bb hover_enabled=\u00a0\u00bb0&Prime; header_font_size_tablet=\u00a0\u00bb30px\u00a0\u00bb header_font_size_phone=\u00a0\u00bb24px\u00a0\u00bb header_font_size_last_edited=\u00a0\u00bbon|phone\u00a0\u00bb global_colors_info=\u00a0\u00bb{}\u00a0\u00bb sticky_enabled=\u00a0\u00bb0&Prime;]<\/p>\n<p><strong>Contact<\/strong>: <a href=\"tel:+376606001\">+376 606 001<\/a><\/p>\n<p>[\/et_pb_text][\/et_pb_column][\/et_pb_row][\/et_pb_section]<\/p>\n","protected":false},"excerpt":{"rendered":"<p>Appartements de luxe \u00e0 la montagneCon\u00e7u avec une touche d&rsquo;\u00e9l\u00e9gance qui fait la diff\u00e9rence avec les complexes d&rsquo;appartements conventionnels, l&rsquo;Apart h\u00f4tel The Mirror 5* abrite des appartements \u00e0 plusieurs capacit\u00e9s, enti\u00e8rement \u00e9quip\u00e9s et aux vues spectaculaires sur les pistes de ski d&rsquo;El Tarter, situ\u00e9es dans le domaine de Grandvalira. Il s\u2019agit d\u2019un \u00e9tablissement tr\u00e8s appropri\u00e9 [&hellip;]<\/p>\n","protected":false},"author":3,"featured_media":0,"parent":0,"menu_order":0,"comment_status":"closed","ping_status":"closed","template":"","meta":{"_et_pb_use_builder":"on","_et_pb_old_content":"","_et_gb_content_width":"","_joinchat":[],"footnotes":""},"class_list":["post-51717","page","type-page","status-publish","hentry"],"_links":{"self":[{"href":"https:\/\/themirrorandorra.com\/fr\/wp-json\/wp\/v2\/pages\/51717","targetHints":{"allow":["GET"]}}],"collection":[{"href":"https:\/\/themirrorandorra.com\/fr\/wp-json\/wp\/v2\/pages"}],"about":[{"href":"https:\/\/themirrorandorra.com\/fr\/wp-json\/wp\/v2\/types\/page"}],"author":[{"embeddable":true,"href":"https:\/\/themirrorandorra.com\/fr\/wp-json\/wp\/v2\/users\/3"}],"replies":[{"embeddable":true,"href":"https:\/\/themirrorandorra.com\/fr\/wp-json\/wp\/v2\/comments?post=51717"}],"version-history":[{"count":3,"href":"https:\/\/themirrorandorra.com\/fr\/wp-json\/wp\/v2\/pages\/51717\/revisions"}],"predecessor-version":[{"id":52546,"href":"https:\/\/themirrorandorra.com\/fr\/wp-json\/wp\/v2\/pages\/51717\/revisions\/52546"}],"wp:attachment":[{"href":"https:\/\/themirrorandorra.com\/fr\/wp-json\/wp\/v2\/media?parent=51717"}],"curies":[{"name":"wp","href":"https:\/\/api.w.org\/{rel}","templated":true}]}}