{"id":51813,"date":"2022-12-22T14:06:20","date_gmt":"2022-12-22T13:06:20","guid":{"rendered":"https:\/\/themirrorandorra.com\/politica-de-diposit-i-cancellacio\/"},"modified":"2022-12-22T14:21:53","modified_gmt":"2022-12-22T13:21:53","slug":"politica-de-diposit-i-cancellacio","status":"publish","type":"page","link":"https:\/\/themirrorandorra.com\/ca\/politica-de-diposit-i-cancellacio\/","title":{"rendered":"Pol\u00edtica de dip\u00f2sit i cancel\u00b7laci\u00f3"},"content":{"rendered":"<p>[et_pb_section fb_built=&#8221;1&#8243; admin_label=&#8221;section&#8221; _builder_version=&#8221;4.16&#8243; global_colors_info=&#8221;{}&#8221; theme_builder_area=&#8221;post_content&#8221;][et_pb_row admin_label=&#8221;row&#8221; _builder_version=&#8221;4.16&#8243; background_size=&#8221;initial&#8221; background_position=&#8221;top_left&#8221; background_repeat=&#8221;repeat&#8221; global_colors_info=&#8221;{}&#8221; theme_builder_area=&#8221;post_content&#8221;][et_pb_column type=&#8221;4_4&#8243; _builder_version=&#8221;4.16&#8243; custom_padding=&#8221;|||&#8221; global_colors_info=&#8221;{}&#8221; custom_padding__hover=&#8221;|||&#8221; theme_builder_area=&#8221;post_content&#8221;][et_pb_text _builder_version=&#8221;4.19.3&#8243; _module_preset=&#8221;default&#8221; header_font=&#8221;|700|||||||&#8221; header_text_color=&#8221;#383838&#8243; hover_enabled=&#8221;0&#8243; global_colors_info=&#8221;{}&#8221; theme_builder_area=&#8221;post_content&#8221; sticky_enabled=&#8221;0&#8243;]<\/p>\n<h1>Pol\u00edtica de dip\u00f2sit i cancel\u00b7laci\u00f3<\/h1>\n<p>[\/et_pb_text][\/et_pb_column][\/et_pb_row][et_pb_row _builder_version=&#8221;4.19.0&#8243; _module_preset=&#8221;default&#8221; global_colors_info=&#8221;{}&#8221; theme_builder_area=&#8221;post_content&#8221;][et_pb_column type=&#8221;4_4&#8243; _builder_version=&#8221;4.19.0&#8243; _module_preset=&#8221;default&#8221; global_colors_info=&#8221;{}&#8221; theme_builder_area=&#8221;post_content&#8221;][et_pb_text _builder_version=&#8221;4.19.3&#8243; _module_preset=&#8221;default&#8221; text_text_color=&#8221;#383838&#8243; header_2_font=&#8221;|700|||||||&#8221; header_2_text_color=&#8221;#383838&#8243; header_2_font_size=&#8221;20px&#8221; header_3_text_color=&#8221;#383838&#8243; hover_enabled=&#8221;0&#8243; global_colors_info=&#8221;{}&#8221; theme_builder_area=&#8221;post_content&#8221; sticky_enabled=&#8221;0&#8243;]<\/p>\n<h2>Pol\u00edtica general<\/h2>\n<p><strong>(excepte temporada d&#8217;hivern)<\/strong><\/p>\n<ul>\n<li>L\u00b4hotel cobrar\u00e0 un dip\u00f2sit del 20% en el moment de la reserva.<\/li>\n<li>Es facilitar\u00e0 un link de pagament en l\u00ednia i el 80% restant de la reserva s&#8217;haur\u00e0 de pagar a les 24 hores abans del dia d&#8217;arribada a l&#8217;allotjament.<\/li>\n<li>Cancel\u00b7lacions o modificacions fins a 7 dies abans de la data d&#8217;arribada, no tenen despeses de cancel\u00b7laci\u00f3.<\/li>\n<li>Cancel\u00b7lacions o modificacions fora d&#8217;aquest termini es cobrar\u00e0 la primera nit d&#8217;estada.<\/li>\n<\/ul>\n<p>&nbsp;<\/p>\n<h2>Pol\u00edtica a temporada d&#8217;hivern<\/h2>\n<p><strong>(de l&#8217;1 desembre 2022 al 8 d&#8217;abril 2023)<\/strong><\/p>\n<ul>\n<li>Cal el prepagament del 50% al moment de la reserva. Se us enviar\u00e0 un link de pagament online segur per formalitzar la vostra reserva.<\/li>\n<li>Cancel\u00b7lacions o modificacions fins a 10 dies abans de la data d&#8217;arribada, no hi haur\u00e0 despeses de cancel\u00b7laci\u00f3 i es far\u00e0 la devoluci\u00f3 del prepagament.<\/li>\n<li>Cancel\u00b7lacions o modificacions des de 9 dies abans de la data d&#8217;arribada, la penalitzaci\u00f3 ser\u00e0 del dip\u00f2sit del 50%.<\/li>\n<li>Cancel\u00b7lacions o modificacions amb menys de 48h. abans de la data d&#8217;arribada o no xou, la penalitzaci\u00f3 ser\u00e0 del cost total de l&#8217;estada.<\/li>\n<\/ul>\n<p><strong><\/strong><\/p>\n<p><strong>(Del 25 de Desembre al 3 de gener i del 8 al 28 de Febrer aquest per\u00edode de cancel\u00b7laci\u00f3 ser\u00e0 de<\/strong><br \/><strong>30 dies &#8211; tota reserva en aquest per\u00edode de dates t\u00e9 la m\u00e0xima cancel\u00b7laci\u00f3)<\/strong><\/p>\n<p>[\/et_pb_text][et_pb_text _builder_version=&#8221;4.19.3&#8243; _module_preset=&#8221;default&#8221; text_text_color=&#8221;#7c7c7c&#8221; header_2_font=&#8221;|700|||||||&#8221; header_2_text_color=&#8221;#383838&#8243; header_2_font_size=&#8221;20px&#8221; header_3_text_color=&#8221;#383838&#8243; hover_enabled=&#8221;0&#8243; global_colors_info=&#8221;{}&#8221; theme_builder_area=&#8221;post_content&#8221; sticky_enabled=&#8221;0&#8243; text_font=&#8221;||on||||||&#8221; text_font_size=&#8221;15px&#8221;]<\/p>\n<p>*Leo SLU ( The Mirror ) es reserva el dret de realitzar els c\u00e0rrecs corresponents a les seves pol\u00edtiques de cancel\u00b7laci\u00f3 a la targeta de cr\u00e8dit facilitada pel client al moment de la reserva.<br \/>*Leo SLU ( The Mirror ) es reserva el dret de comprovar la validesa i les dades de la targeta de cr\u00e8dit facilitada al moment de fer la reserva i en cas de no ser v\u00e0lida anul\u00b7lar la reserva.<\/p>\n<p>[\/et_pb_text][\/et_pb_column][\/et_pb_row][\/et_pb_section]<\/p>\n","protected":false},"excerpt":{"rendered":"<p>Pol\u00edtica de dip\u00f2sit i cancel\u00b7laci\u00f3Pol\u00edtica general (excepte temporada d&#8217;hivern) L\u00b4hotel cobrar\u00e0 un dip\u00f2sit del 20% en el moment de la reserva. Es facilitar\u00e0 un link de pagament en l\u00ednia i el 80% restant de la reserva s&#8217;haur\u00e0 de pagar a les 24 hores abans del dia d&#8217;arribada a l&#8217;allotjament. Cancel\u00b7lacions o modificacions fins a 7 [&hellip;]<\/p>\n","protected":false},"author":1,"featured_media":0,"parent":0,"menu_order":0,"comment_status":"closed","ping_status":"closed","template":"","meta":{"_et_pb_use_builder":"on","_et_pb_old_content":"","_et_gb_content_width":"","_joinchat":[],"footnotes":""},"class_list":["post-51813","page","type-page","status-publish","hentry"],"_links":{"self":[{"href":"https:\/\/themirrorandorra.com\/ca\/wp-json\/wp\/v2\/pages\/51813","targetHints":{"allow":["GET"]}}],"collection":[{"href":"https:\/\/themirrorandorra.com\/ca\/wp-json\/wp\/v2\/pages"}],"about":[{"href":"https:\/\/themirrorandorra.com\/ca\/wp-json\/wp\/v2\/types\/page"}],"author":[{"embeddable":true,"href":"https:\/\/themirrorandorra.com\/ca\/wp-json\/wp\/v2\/users\/1"}],"replies":[{"embeddable":true,"href":"https:\/\/themirrorandorra.com\/ca\/wp-json\/wp\/v2\/comments?post=51813"}],"version-history":[{"count":0,"href":"https:\/\/themirrorandorra.com\/ca\/wp-json\/wp\/v2\/pages\/51813\/revisions"}],"wp:attachment":[{"href":"https:\/\/themirrorandorra.com\/ca\/wp-json\/wp\/v2\/media?parent=51813"}],"curies":[{"name":"wp","href":"https:\/\/api.w.org\/{rel}","templated":true}]}}