{"id":51713,"date":"2022-12-05T17:07:59","date_gmt":"2022-12-05T16:07:59","guid":{"rendered":"https:\/\/themirrorandorra.com\/allotjament\/"},"modified":"2024-11-11T14:09:04","modified_gmt":"2024-11-11T13:09:04","slug":"allotjament","status":"publish","type":"page","link":"https:\/\/themirrorandorra.com\/ca\/allotjament\/","title":{"rendered":"Allotjament"},"content":{"rendered":"<p>[et_pb_section fb_built=&#8221;1&#8243; fullwidth=&#8221;on&#8221; _builder_version=&#8221;4.19.0&#8243; _module_preset=&#8221;default&#8221; background_enable_color=&#8221;off&#8221; global_colors_info=&#8221;{}&#8221;][et_pb_fullwidth_slider _builder_version=&#8221;4.19.5&#8243; _module_preset=&#8221;default&#8221; height=&#8221;60vh&#8221; height_tablet=&#8221;46vw&#8221; height_phone=&#8221;70vw&#8221; height_last_edited=&#8221;on|phone&#8221; auto=&#8221;on&#8221; auto_speed=&#8221;4000&#8243; global_colors_info=&#8221;{}&#8221;][et_pb_slide _builder_version=&#8221;4.19.5&#8243; _module_preset=&#8221;default&#8221; background_enable_color=&#8221;off&#8221; background_image=&#8221;https:\/\/the-mirror-andorra.fra1.digitaloceanspaces.com\/wp-content\/uploads\/2023\/03\/FBM_5932.jpg&#8221; background_enable_image=&#8221;on&#8221; global_colors_info=&#8221;{}&#8221; sticky_transition=&#8221;on&#8221;][\/et_pb_slide][et_pb_slide _builder_version=&#8221;4.19.5&#8243; _module_preset=&#8221;default&#8221; background_enable_color=&#8221;off&#8221; background_image=&#8221;https:\/\/the-mirror-andorra.fra1.digitaloceanspaces.com\/wp-content\/uploads\/2023\/03\/BGN_6790.jpg&#8221; background_enable_image=&#8221;on&#8221; global_colors_info=&#8221;{}&#8221; sticky_transition=&#8221;on&#8221;][\/et_pb_slide][et_pb_slide _builder_version=&#8221;4.19.5&#8243; _module_preset=&#8221;default&#8221; background_enable_color=&#8221;off&#8221; background_image=&#8221;https:\/\/the-mirror-andorra.fra1.digitaloceanspaces.com\/wp-content\/uploads\/2023\/03\/BGN_6865.jpg&#8221; background_enable_image=&#8221;on&#8221; global_colors_info=&#8221;{}&#8221; sticky_transition=&#8221;on&#8221;][\/et_pb_slide][\/et_pb_fullwidth_slider][\/et_pb_section][et_pb_section fb_built=&#8221;1&#8243; custom_padding_last_edited=&#8221;on|phone&#8221; _builder_version=&#8221;4.19.0&#8243; _module_preset=&#8221;default&#8221; background_color=&#8221;RGBA(255,255,255,0)&#8221; custom_padding=&#8221;70px||70px||false|false&#8221; custom_padding_tablet=&#8221;60px||60px||false|false&#8221; custom_padding_phone=&#8221;45px||45px||false|false&#8221; global_colors_info=&#8221;{}&#8221;][et_pb_row _builder_version=&#8221;4.16&#8243; _module_preset=&#8221;default&#8221; width_tablet=&#8221;60%&#8221; width_phone=&#8221;75%&#8221; width_last_edited=&#8221;on|phone&#8221; custom_padding=&#8221;0px||0px||false|false&#8221; global_colors_info=&#8221;{}&#8221;][et_pb_column type=&#8221;4_4&#8243; _builder_version=&#8221;4.16&#8243; _module_preset=&#8221;default&#8221; global_colors_info=&#8221;{}&#8221;][et_pb_text _builder_version=&#8221;4.19.0&#8243; _module_preset=&#8221;default&#8221; header_font=&#8221;Poppins|700|||||||&#8221; header_letter_spacing=&#8221;2px&#8221; header_line_height=&#8221;1.2em&#8221; header_2_font=&#8221;Poppins|700|||||||&#8221; header_2_font_size=&#8221;32px&#8221; header_2_letter_spacing=&#8221;2px&#8221; header_2_line_height=&#8221;1.2em&#8221; custom_margin=&#8221;||0px||false|false&#8221; header_font_size_tablet=&#8221;30px&#8221; header_font_size_phone=&#8221;24px&#8221; header_font_size_last_edited=&#8221;on|phone&#8221; header_2_font_size_tablet=&#8221;30px&#8221; header_2_font_size_phone=&#8221;24px&#8221; header_2_font_size_last_edited=&#8221;on|phone&#8221; global_colors_info=&#8221;{}&#8221;]<\/p>\n<h1>Apartaments de luxe completament equipats<\/h1>\n<p>[\/et_pb_text][et_pb_text _builder_version=&#8221;4.21.0&#8243; _module_preset=&#8221;default&#8221; text_font=&#8221;|300|||||||&#8221; text_font_size=&#8221;17px&#8221; global_colors_info=&#8221;{}&#8221;]<\/p>\n<p>Al complex Aparthotel The Mirror hi ha 13 apartaments turistics, que poden tenir 1, 2 o 3 habitacions. Els apartaments disposen de 1,2 o 3 dormitoris i tots disposen de 2 banys. Disposen d\u00b4un llit King Size i la resta en funci\u00f3 de l\u00b4apartament un tipus de llit. Als banys els hostes disposen de dutxa, tovalloles, barnussos, assecador de cabells i mirall d&#8217;augment. Tots els apartaments inclouen un ampli sal\u00f3 menjador amb sof\u00e0, televisor HD, taula i cadires de menjador. A m\u00e9s, cadascun disposa de la seva cuina completament equipada amb rentaplats, microones, nevera, placa vitrocer\u00e0mica, forn i cafetera. Al costat de la porta principal de cada apartament s&#8217;ha instal\u00b7lat un guardaesqu\u00eds privat. Tots estan equipats amb Wifi i calefacci\u00f3.<\/p>\n<p style=\"text-align: center;\"><span>Gestora d\u2019habitatges d\u2019\u00fas turistic: EGHUT &#8211; Leo SLU &#8211; 925710U<\/span><br \/><span>N\u00fameros de HUT: HUT1-008219 &#8211; HUT1-008220 &#8211; HUT1-008221 &#8211; HUT1-008222- HUT1-008223 &#8211; HUT1-008224 &#8211; HUT1-008225 &#8211; HUT1-008226 &#8211; HUT1-008227 &#8211; HUT1-008228 &#8211; HUT1-008229 &#8211; HUT1-008230 &#8211; HUT1-008231 &#8211; HUT1-008232 &#8211; HUT1-008233 &#8211; HUT1-008234 &#8211; HUT1-008235 &#8211; HUT1-008236<\/span><\/p>\n<p>[\/et_pb_text][\/et_pb_column][\/et_pb_row][\/et_pb_section][et_pb_section fb_built=&#8221;1&#8243; _builder_version=&#8221;4.19.0&#8243; _module_preset=&#8221;default&#8221; background_color=&#8221;RGBA(255,255,255,0)&#8221; background_enable_pattern_style=&#8221;on&#8221; background_pattern_style=&#8221;zig-zag-2&#8243; background_pattern_color=&#8221;rgba(255,255,255,0.6)&#8221; background_pattern_size=&#8221;custom&#8221; background_pattern_width=&#8221;12px&#8221; background_pattern_height=&#8221;4px&#8221; height=&#8221;8px&#8221; custom_padding=&#8221;0px||0px||false|false&#8221; global_colors_info=&#8221;{}&#8221;][\/et_pb_section][et_pb_section fb_built=&#8221;1&#8243; custom_padding_last_edited=&#8221;on|phone&#8221; _builder_version=&#8221;4.19.0&#8243; _module_preset=&#8221;default&#8221; background_color=&#8221;RGBA(255,255,255,0)&#8221; custom_padding=&#8221;40px||0px||false|false&#8221; custom_padding_tablet=&#8221;30px||0px||false|false&#8221; custom_padding_phone=&#8221;25px||0px||false|false&#8221; global_colors_info=&#8221;{}&#8221;][et_pb_row _builder_version=&#8221;4.19.0&#8243; _module_preset=&#8221;default&#8221; global_colors_info=&#8221;{}&#8221;][et_pb_column type=&#8221;4_4&#8243; _builder_version=&#8221;4.19.0&#8243; _module_preset=&#8221;default&#8221; global_colors_info=&#8221;{}&#8221;][et_pb_text _builder_version=&#8221;4.19.0&#8243; _module_preset=&#8221;default&#8221; header_font=&#8221;Poppins|700|||||||&#8221; header_letter_spacing=&#8221;2px&#8221; header_line_height=&#8221;1.2em&#8221; header_2_font=&#8221;Poppins|700||on|||||&#8221; header_2_text_align=&#8221;center&#8221; header_2_font_size=&#8221;18px&#8221; header_2_letter_spacing=&#8221;2px&#8221; header_2_line_height=&#8221;1.2em&#8221; custom_margin=&#8221;||0px||false|false&#8221; header_font_size_tablet=&#8221;30px&#8221; header_font_size_phone=&#8221;24px&#8221; header_font_size_last_edited=&#8221;on|phone&#8221; header_2_font_size_tablet=&#8221;18px&#8221; header_2_font_size_phone=&#8221;18px&#8221; header_2_font_size_last_edited=&#8221;off|phone&#8221; global_colors_info=&#8221;{}&#8221;]<\/p>\n<h2>Instal\u00b7lacions<\/h2>\n<p>[\/et_pb_text][\/et_pb_column][\/et_pb_row][et_pb_row column_structure=&#8221;1_3,1_3,1_3&#8243; _builder_version=&#8221;4.19.0&#8243; _module_preset=&#8221;default&#8221; global_colors_info=&#8221;{}&#8221;][et_pb_column type=&#8221;1_3&#8243; _builder_version=&#8221;4.19.0&#8243; _module_preset=&#8221;default&#8221; custom_css_main_element=&#8221;margin-bottom:0px;||&#8221; global_colors_info=&#8221;{}&#8221; custom_css_main_element_last_edited=&#8221;on|desktop&#8221; custom_css_main_element_phone=&#8221;margin-bottom:0px;||width:100%;||margin-right:0;&#8221; custom_css_main_element_tablet=&#8221;margin-bottom:0px;||width:44%;||margin-right:6%;&#8221;][et_pb_blurb title=&#8221;Piscina\/Spa&#8221; use_icon=&#8221;on&#8221; font_icon=&#8221;&#xf5c5;||fa||900&#8243; icon_placement=&#8221;left&#8221; image_icon_width=&#8221;15px&#8221; _builder_version=&#8221;4.19.0&#8243; _module_preset=&#8221;default&#8221; header_font=&#8221;|700|||||||&#8221; header_font_size=&#8221;15px&#8221; header_letter_spacing=&#8221;1.3px&#8221; body_font=&#8221;|300|||||||&#8221; body_font_size=&#8221;14px&#8221; body_line_height=&#8221;1.3em&#8221; max_width_tablet=&#8221;&#8221; max_width_phone=&#8221;240px&#8221; max_width_last_edited=&#8221;on|phone&#8221; module_alignment=&#8221;center&#8221; custom_margin=&#8221;||22px||false|false&#8221; custom_css_blurb_image=&#8221;width:15px;||padding-top:2px&#8221; custom_css_blurb_title=&#8221;padding-bottom:5px&#8221; global_colors_info=&#8221;{}&#8221;]<\/p>\n<p>Sauna<br \/>Bany turc<br \/>Spa complet<br \/>Massatges<br \/>Serveis de spa<br \/>2 sales de tractaments<\/p>\n<p>[\/et_pb_blurb][et_pb_blurb title=&#8221;Internet&#8221; use_icon=&#8221;on&#8221; font_icon=&#8221;&#xf1eb;||fa||900&#8243; icon_placement=&#8221;left&#8221; image_icon_width=&#8221;15px&#8221; _builder_version=&#8221;4.19.0&#8243; _module_preset=&#8221;default&#8221; header_font=&#8221;|700|||||||&#8221; header_font_size=&#8221;15px&#8221; header_letter_spacing=&#8221;1.3px&#8221; body_font=&#8221;|300|||||||&#8221; body_font_size=&#8221;14px&#8221; body_line_height=&#8221;1.3em&#8221; max_width_tablet=&#8221;&#8221; max_width_phone=&#8221;240px&#8221; max_width_last_edited=&#8221;on|phone&#8221; module_alignment=&#8221;center&#8221; custom_margin=&#8221;||22px||false|false&#8221; custom_css_blurb_image=&#8221;width:15px;||padding-top:2px&#8221; custom_css_blurb_title=&#8221;padding-bottom:5px&#8221; global_colors_info=&#8221;{}&#8221;]<\/p>\n<p>Connexi\u00f3 a internet WiFi gratis<\/p>\n<p>[\/et_pb_blurb][et_pb_blurb title=&#8221;Aparcament&#8221; use_icon=&#8221;on&#8221; font_icon=&#8221;&#xf1b9;||fa||900&#8243; icon_placement=&#8221;left&#8221; image_icon_width=&#8221;15px&#8221; _builder_version=&#8221;4.19.0&#8243; _module_preset=&#8221;default&#8221; header_font=&#8221;|700|||||||&#8221; header_font_size=&#8221;15px&#8221; header_letter_spacing=&#8221;1.3px&#8221; body_font=&#8221;|300|||||||&#8221; body_font_size=&#8221;14px&#8221; body_line_height=&#8221;1.3em&#8221; max_width_tablet=&#8221;&#8221; max_width_phone=&#8221;240px&#8221; max_width_last_edited=&#8221;on|phone&#8221; module_alignment=&#8221;center&#8221; custom_margin=&#8221;||22px||false|false&#8221; custom_css_blurb_image=&#8221;width:15px;||padding-top:2px&#8221; custom_css_blurb_title=&#8221;padding-bottom:5px&#8221; global_colors_info=&#8221;{}&#8221;]<\/p>\n<p>Aparcament a les instal\u00b7lacions (25 EUR per nit)<br \/>Aparcament limitat a les instal\u00b7lacions<\/p>\n<p>[\/et_pb_blurb][et_pb_blurb title=&#8221;Cuina&#8221; use_icon=&#8221;on&#8221; font_icon=&#8221;&#xf0f4;||fa||900&#8243; icon_placement=&#8221;left&#8221; image_icon_width=&#8221;15px&#8221; _builder_version=&#8221;4.19.0&#8243; _module_preset=&#8221;default&#8221; header_font=&#8221;|700|||||||&#8221; header_font_size=&#8221;15px&#8221; header_letter_spacing=&#8221;1.3px&#8221; body_font=&#8221;|300|||||||&#8221; body_font_size=&#8221;14px&#8221; body_line_height=&#8221;1.3em&#8221; max_width_tablet=&#8221;&#8221; max_width_phone=&#8221;240px&#8221; max_width_last_edited=&#8221;on|phone&#8221; module_alignment=&#8221;center&#8221; custom_margin=&#8221;||22px||false|false&#8221; custom_css_blurb_image=&#8221;width:15px;||padding-top:2px&#8221; custom_css_blurb_title=&#8221;padding-bottom:5px&#8221; global_colors_info=&#8221;{}&#8221;]<\/p>\n<p>Frigor\u00edfic gran<br \/>Placa de cuina<br \/>Microones<br \/>Forn<br \/>Rentaplats<br \/>M\u00e0quina de caf\u00e8 expr\u00e9s<br \/>Estris de cuina<br \/>Bullidor el\u00e8ctric<br \/>Cafetera i tetera<\/p>\n<p>[\/et_pb_blurb][\/et_pb_column][et_pb_column type=&#8221;1_3&#8243; _builder_version=&#8221;4.16&#8243; _module_preset=&#8221;default&#8221; custom_css_main_element=&#8221;margin-bottom:0px;||&#8221; global_colors_info=&#8221;{}&#8221; custom_css_main_element_tablet=&#8221;margin-bottom:0px;||width:44%;||margin-right:6%;&#8221; custom_css_main_element_phone=&#8221;margin-bottom:0px;||width:100%;||margin-right:0;&#8221; custom_css_main_element_last_edited=&#8221;on|desktop&#8221;][et_pb_blurb title=&#8221;Dormitoris&#8221; use_icon=&#8221;on&#8221; font_icon=&#8221;&#xf236;||fa||900&#8243; icon_placement=&#8221;left&#8221; image_icon_width=&#8221;15px&#8221; _builder_version=&#8221;4.19.0&#8243; _module_preset=&#8221;default&#8221; header_font=&#8221;|700|||||||&#8221; header_font_size=&#8221;15px&#8221; header_letter_spacing=&#8221;1.3px&#8221; body_font=&#8221;|300|||||||&#8221; body_font_size=&#8221;14px&#8221; body_line_height=&#8221;1.3em&#8221; max_width_tablet=&#8221;&#8221; max_width_phone=&#8221;240px&#8221; max_width_last_edited=&#8221;on|phone&#8221; module_alignment=&#8221;center&#8221; custom_margin=&#8221;||22px||false|false&#8221; custom_css_blurb_image=&#8221;width:15px;||padding-top:2px&#8221; custom_css_blurb_title=&#8221;padding-bottom:5px&#8221; global_colors_info=&#8221;{}&#8221;]<\/p>\n<p>Roba de llit d&#8217;alta qualitat<br \/>Edred\u00f3 de plomes<br \/>Roba de llit<br \/>Matalassos viscoel\u00e0stics<\/p>\n<p>[\/et_pb_blurb][et_pb_blurb title=&#8221;Banys&#8221; use_icon=&#8221;on&#8221; font_icon=&#8221;&#xf2cc;||fa||900&#8243; icon_placement=&#8221;left&#8221; image_icon_width=&#8221;15px&#8221; _builder_version=&#8221;4.19.0&#8243; _module_preset=&#8221;default&#8221; header_font=&#8221;|700|||||||&#8221; header_font_size=&#8221;15px&#8221; header_letter_spacing=&#8221;1.3px&#8221; body_font=&#8221;|300|||||||&#8221; body_font_size=&#8221;14px&#8221; body_line_height=&#8221;1.3em&#8221; max_width_tablet=&#8221;&#8221; max_width_phone=&#8221;240px&#8221; max_width_last_edited=&#8221;on|phone&#8221; module_alignment=&#8221;center&#8221; custom_margin=&#8221;||22px||false|false&#8221; custom_css_blurb_image=&#8221;width:15px;||padding-top:2px&#8221; custom_css_blurb_title=&#8221;padding-bottom:5px&#8221; global_colors_info=&#8221;{}&#8221;]<\/p>\n<p>Dutxa<br \/>Cap\u00e7al de dutxa tipus pluja<br \/>Tovalloles<br \/>Barnussos<br \/>Sabatilles<br \/>Articles d&#8217;higiene personal gratu\u00efts<br \/>Assecador de cabells<\/p>\n<p>[\/et_pb_blurb][et_pb_blurb title=&#8221;Bressols&#8221; use_icon=&#8221;on&#8221; font_icon=&#8221;&#xf77c;||fa||900&#8243; icon_placement=&#8221;left&#8221; image_icon_width=&#8221;15px&#8221; _builder_version=&#8221;4.19.0&#8243; _module_preset=&#8221;default&#8221; header_font=&#8221;|700|||||||&#8221; header_font_size=&#8221;15px&#8221; header_letter_spacing=&#8221;1.3px&#8221; body_font=&#8221;|300|||||||&#8221; body_font_size=&#8221;14px&#8221; body_line_height=&#8221;1.3em&#8221; max_width_tablet=&#8221;&#8221; max_width_phone=&#8221;240px&#8221; max_width_last_edited=&#8221;on|phone&#8221; module_alignment=&#8221;center&#8221; custom_margin=&#8221;||22px||false|false&#8221; custom_css_blurb_image=&#8221;width:15px;||padding-top:2px&#8221; custom_css_blurb_title=&#8221;padding-bottom:5px&#8221; global_colors_info=&#8221;{}&#8221;]<\/p>\n<p>Disponibilitat de bressols (10 EUR per nit)<\/p>\n<p>[\/et_pb_blurb][et_pb_blurb title=&#8221;Bugaderia&#8221; use_icon=&#8221;on&#8221; font_icon=&#8221;&#xe06e;||fa||900&#8243; icon_placement=&#8221;left&#8221; image_icon_width=&#8221;15px&#8221; _builder_version=&#8221;4.19.0&#8243; _module_preset=&#8221;default&#8221; header_font=&#8221;|700|||||||&#8221; header_font_size=&#8221;15px&#8221; header_letter_spacing=&#8221;1.3px&#8221; body_font=&#8221;|300|||||||&#8221; body_font_size=&#8221;14px&#8221; body_line_height=&#8221;1.3em&#8221; max_width_tablet=&#8221;&#8221; max_width_phone=&#8221;240px&#8221; max_width_last_edited=&#8221;on|phone&#8221; module_alignment=&#8221;center&#8221; custom_margin=&#8221;||22px||false|false&#8221; custom_css_blurb_image=&#8221;width:15px;||padding-top:2px&#8221; custom_css_blurb_title=&#8221;padding-bottom:5px&#8221; global_colors_info=&#8221;{}&#8221;]<\/p>\n<p>Servei de bugaderia<\/p>\n<p>[\/et_pb_blurb][et_pb_blurb title=&#8221;Calefacci\u00f3&#8221; use_icon=&#8221;on&#8221; font_icon=&#8221;&#xf46a;||fa||900&#8243; icon_placement=&#8221;left&#8221; image_icon_width=&#8221;15px&#8221; _builder_version=&#8221;4.19.0&#8243; _module_preset=&#8221;default&#8221; header_font=&#8221;|700|||||||&#8221; header_font_size=&#8221;15px&#8221; header_letter_spacing=&#8221;1.3px&#8221; body_font=&#8221;|300|||||||&#8221; body_font_size=&#8221;14px&#8221; body_line_height=&#8221;1.3em&#8221; max_width_tablet=&#8221;&#8221; max_width_phone=&#8221;240px&#8221; max_width_last_edited=&#8221;on|phone&#8221; module_alignment=&#8221;center&#8221; custom_margin=&#8221;||22px||false|false&#8221; custom_css_blurb_image=&#8221;width:15px;||padding-top:2px&#8221; custom_css_blurb_title=&#8221;padding-bottom:5px&#8221; global_colors_info=&#8221;{}&#8221;]<\/p>\n<p>A tots els \u00e0mbits<\/p>\n<p>[\/et_pb_blurb][\/et_pb_column][et_pb_column type=&#8221;1_3&#8243; _builder_version=&#8221;4.16&#8243; _module_preset=&#8221;default&#8221; custom_css_main_element=&#8221;margin-bottom:0px;||&#8221; global_colors_info=&#8221;{}&#8221; custom_css_main_element_tablet=&#8221;margin-bottom:0px;||width:44%;||margin-right:6%;&#8221; custom_css_main_element_phone=&#8221;margin-bottom:0px;||width:100%;||margin-right:0;&#8221; custom_css_main_element_last_edited=&#8221;on|desktop&#8221;][et_pb_blurb title=&#8221;Entreteniment&#8221; use_icon=&#8221;on&#8221; font_icon=&#8221;&#xf7c0;||fa||900&#8243; icon_placement=&#8221;left&#8221; image_icon_width=&#8221;15px&#8221; _builder_version=&#8221;4.19.0&#8243; _module_preset=&#8221;default&#8221; header_font=&#8221;|700|||||||&#8221; header_font_size=&#8221;15px&#8221; header_letter_spacing=&#8221;1.3px&#8221; body_font=&#8221;|300|||||||&#8221; body_font_size=&#8221;14px&#8221; body_line_height=&#8221;1.3em&#8221; max_width_tablet=&#8221;&#8221; max_width_phone=&#8221;240px&#8221; max_width_last_edited=&#8221;on|phone&#8221; module_alignment=&#8221;center&#8221; custom_margin=&#8221;||22px||false|false&#8221; custom_css_blurb_image=&#8221;width:15px;||padding-top:2px&#8221; custom_css_blurb_title=&#8221;padding-bottom:5px&#8221; global_colors_info=&#8221;{}&#8221;]<\/p>\n<p>Televisor de pantalla plana 40 polzades<\/p>\n<p>[\/et_pb_blurb][et_pb_blurb title=&#8221;Accessibilitat&#8221; use_icon=&#8221;on&#8221; font_icon=&#8221;&#xf193;||fa||900&#8243; icon_placement=&#8221;left&#8221; image_icon_width=&#8221;15px&#8221; _builder_version=&#8221;4.19.0&#8243; _module_preset=&#8221;default&#8221; header_font=&#8221;|700|||||||&#8221; header_font_size=&#8221;15px&#8221; header_letter_spacing=&#8221;1.3px&#8221; body_font=&#8221;|300|||||||&#8221; body_font_size=&#8221;14px&#8221; body_line_height=&#8221;1.3em&#8221; max_width_tablet=&#8221;&#8221; max_width_phone=&#8221;240px&#8221; max_width_last_edited=&#8221;on|phone&#8221; module_alignment=&#8221;center&#8221; custom_margin=&#8221;||22px||false|false&#8221; custom_css_blurb_image=&#8221;width:15px;||padding-top:2px&#8221; custom_css_blurb_title=&#8221;padding-bottom:5px&#8221; global_colors_info=&#8221;{}&#8221;]<\/p>\n<p>Ascensor<br \/>Allotjament lliure de fum<\/p>\n<p>[\/et_pb_blurb][et_pb_blurb title=&#8221;Serveis&#8221; use_icon=&#8221;on&#8221; font_icon=&#8221;&#xf562;||fa||900&#8243; icon_placement=&#8221;left&#8221; image_icon_width=&#8221;15px&#8221; _builder_version=&#8221;4.19.0&#8243; _module_preset=&#8221;default&#8221; header_font=&#8221;|700|||||||&#8221; header_font_size=&#8221;15px&#8221; header_letter_spacing=&#8221;1.3px&#8221; body_font=&#8221;|300|||||||&#8221; body_font_size=&#8221;14px&#8221; body_line_height=&#8221;1.3em&#8221; max_width_tablet=&#8221;&#8221; max_width_phone=&#8221;240px&#8221; max_width_last_edited=&#8221;on|phone&#8221; module_alignment=&#8221;center&#8221; custom_margin=&#8221;||22px||false|false&#8221; custom_css_blurb_image=&#8221;width:15px;||padding-top:2px&#8221; custom_css_blurb_title=&#8221;padding-bottom:5px&#8221; global_colors_info=&#8221;{}&#8221;]<\/p>\n<p>Assist\u00e8ncia tur\u00edstica i per a la compra d&#8217;entrades<br \/>Caixa forta<br \/>Tel\u00e8fon<br \/>Taula de planxar amb planxa (pr\u00e8via sol\u00b7licitud)<br \/>M\u00e0quina expenedora<\/p>\n<p>[\/et_pb_blurb][et_pb_blurb title=&#8221;Ubicaci\u00f3&#8221; use_icon=&#8221;on&#8221; font_icon=&#8221;&#xf6fc;||fa||900&#8243; icon_placement=&#8221;left&#8221; image_icon_width=&#8221;15px&#8221; _builder_version=&#8221;4.19.0&#8243; _module_preset=&#8221;default&#8221; header_font=&#8221;|700|||||||&#8221; header_font_size=&#8221;15px&#8221; header_letter_spacing=&#8221;1.3px&#8221; body_font=&#8221;|300|||||||&#8221; body_font_size=&#8221;14px&#8221; body_line_height=&#8221;1.3em&#8221; max_width_tablet=&#8221;&#8221; max_width_phone=&#8221;240px&#8221; max_width_last_edited=&#8221;on|phone&#8221; module_alignment=&#8221;center&#8221; custom_margin=&#8221;||22px||false|false&#8221; custom_css_blurb_image=&#8221;width:15px;||padding-top:2px&#8221; custom_css_blurb_title=&#8221;padding-bottom:5px&#8221; global_colors_info=&#8221;{}&#8221;]<\/p>\n<p>A la muntanya<\/p>\n<p>[\/et_pb_blurb][et_pb_blurb title=&#8221;Descripci\u00f3 general&#8221; use_icon=&#8221;on&#8221; font_icon=&#8221;&#xf084;||fa||900&#8243; icon_placement=&#8221;left&#8221; image_icon_width=&#8221;15px&#8221; _builder_version=&#8221;4.19.0&#8243; _module_preset=&#8221;default&#8221; header_font=&#8221;|700|||||||&#8221; header_font_size=&#8221;15px&#8221; header_letter_spacing=&#8221;1.3px&#8221; body_font=&#8221;|300|||||||&#8221; body_font_size=&#8221;14px&#8221; body_line_height=&#8221;1.3em&#8221; max_width_tablet=&#8221;&#8221; max_width_phone=&#8221;240px&#8221; max_width_last_edited=&#8221;on|phone&#8221; module_alignment=&#8221;center&#8221; custom_margin=&#8221;||22px||false|false&#8221; custom_css_blurb_image=&#8221;width:15px;||padding-top:2px&#8221; custom_css_blurb_title=&#8221;padding-bottom:5px&#8221; global_colors_info=&#8221;{}&#8221;]<\/p>\n<p>13 apartaments (1 adaptat)<\/p>\n<p>[\/et_pb_blurb][\/et_pb_column][\/et_pb_row][et_pb_row use_custom_gutter=&#8221;on&#8221; gutter_width=&#8221;1&#8243; _builder_version=&#8221;4.19.0&#8243; _module_preset=&#8221;default&#8221; width=&#8221;100%&#8221; max_width=&#8221;100%&#8221; global_colors_info=&#8221;{}&#8221;][et_pb_column type=&#8221;4_4&#8243; _builder_version=&#8221;4.16&#8243; _module_preset=&#8221;default&#8221; global_colors_info=&#8221;{}&#8221;][et_pb_gallery gallery_ids=&#8221;52032,52028,52020,52132,52036,52024,51402,51419,51331,51423,51427,51410,51431,51435,52080,51439,51443,51414,51447,51451,51463,52012,52016,52040,52044,52048,52052,52056,52060,52064,52068,52072,52076,52084,52088,52092,52096,52100,52104,52108,52112,52116,52120,52124,52128,52136,52140,52144,52148,52152,52156&#8243; show_title_and_caption=&#8221;off&#8221; hover_overlay_color=&#8221;rgba(255,255,255,0.87)&#8221; hover_icon=&#8221;P||divi||400&#8243; _builder_version=&#8221;4.19.5&#8243; _module_preset=&#8221;default&#8221; pagination_font=&#8221;|||on|||||&#8221; pagination_text_color=&#8221;#FFFFFF&#8221; pagination_font_size=&#8221;14px&#8221; pagination_letter_spacing=&#8221;1px&#8221; global_colors_info=&#8221;{}&#8221;][\/et_pb_gallery][\/et_pb_column][\/et_pb_row][\/et_pb_section]<\/p>\n","protected":false},"excerpt":{"rendered":"<p>Apartaments de luxe completament equipatsAl complex Aparthotel The Mirror hi ha 13 apartaments turistics, que poden tenir 1, 2 o 3 habitacions. Els apartaments disposen de 1,2 o 3 dormitoris i tots disposen de 2 banys. Disposen d\u00b4un llit King Size i la resta en funci\u00f3 de l\u00b4apartament un tipus de llit. Als banys els [&hellip;]<\/p>\n","protected":false},"author":1,"featured_media":0,"parent":0,"menu_order":0,"comment_status":"closed","ping_status":"closed","template":"","meta":{"_et_pb_use_builder":"on","_et_pb_old_content":"","_et_gb_content_width":"","_joinchat":[],"footnotes":""},"class_list":["post-51713","page","type-page","status-publish","hentry"],"_links":{"self":[{"href":"https:\/\/themirrorandorra.com\/ca\/wp-json\/wp\/v2\/pages\/51713","targetHints":{"allow":["GET"]}}],"collection":[{"href":"https:\/\/themirrorandorra.com\/ca\/wp-json\/wp\/v2\/pages"}],"about":[{"href":"https:\/\/themirrorandorra.com\/ca\/wp-json\/wp\/v2\/types\/page"}],"author":[{"embeddable":true,"href":"https:\/\/themirrorandorra.com\/ca\/wp-json\/wp\/v2\/users\/1"}],"replies":[{"embeddable":true,"href":"https:\/\/themirrorandorra.com\/ca\/wp-json\/wp\/v2\/comments?post=51713"}],"version-history":[{"count":0,"href":"https:\/\/themirrorandorra.com\/ca\/wp-json\/wp\/v2\/pages\/51713\/revisions"}],"wp:attachment":[{"href":"https:\/\/themirrorandorra.com\/ca\/wp-json\/wp\/v2\/media?parent=51713"}],"curies":[{"name":"wp","href":"https:\/\/api.w.org\/{rel}","templated":true}]}}