{"id":51704,"date":"2022-12-05T16:47:09","date_gmt":"2022-12-05T15:47:09","guid":{"rendered":"https:\/\/themirrorandorra.com\/serveis\/"},"modified":"2024-01-23T19:53:54","modified_gmt":"2024-01-23T18:53:54","slug":"serveis","status":"publish","type":"page","link":"https:\/\/themirrorandorra.com\/ca\/serveis\/","title":{"rendered":"Serveis"},"content":{"rendered":"<p>[et_pb_section fb_built=&#8221;1&#8243; fullwidth=&#8221;on&#8221; _builder_version=&#8221;4.19.0&#8243; _module_preset=&#8221;default&#8221; background_enable_color=&#8221;off&#8221; global_colors_info=&#8221;{}&#8221;][et_pb_fullwidth_slider _builder_version=&#8221;4.19.5&#8243; _module_preset=&#8221;default&#8221; height=&#8221;60vh&#8221; height_tablet=&#8221;46vw&#8221; height_phone=&#8221;70vw&#8221; height_last_edited=&#8221;on|phone&#8221; auto=&#8221;on&#8221; auto_speed=&#8221;4000&#8243; global_colors_info=&#8221;{}&#8221;][et_pb_slide _builder_version=&#8221;4.19.5&#8243; _module_preset=&#8221;default&#8221; background_enable_color=&#8221;off&#8221; background_image=&#8221;https:\/\/the-mirror-andorra.fra1.digitaloceanspaces.com\/wp-content\/uploads\/2023\/03\/BGN_6913.jpg&#8221; background_enable_image=&#8221;on&#8221; global_colors_info=&#8221;{}&#8221; sticky_transition=&#8221;on&#8221;][\/et_pb_slide][et_pb_slide _builder_version=&#8221;4.19.0&#8243; _module_preset=&#8221;default&#8221; background_enable_color=&#8221;off&#8221; background_image=&#8221;https:\/\/the-mirror-andorra.fra1.digitaloceanspaces.com\/wp-content\/uploads\/2020\/11\/11032020-Actividades_Raquetas_Amigos_Grau_Emilio-93-2_resultado.jpg&#8221; background_enable_image=&#8221;on&#8221; global_colors_info=&#8221;{}&#8221; sticky_transition=&#8221;on&#8221;][\/et_pb_slide][et_pb_slide _builder_version=&#8221;4.19.0&#8243; _module_preset=&#8221;default&#8221; background_enable_color=&#8221;off&#8221; background_image=&#8221;https:\/\/the-mirror-andorra.fra1.digitaloceanspaces.com\/wp-content\/uploads\/2022\/11\/MicrosoftTeams-image-1.jpg&#8221; background_enable_image=&#8221;on&#8221; background_position=&#8221;top_center&#8221; global_colors_info=&#8221;{}&#8221; sticky_transition=&#8221;on&#8221;][\/et_pb_slide][\/et_pb_fullwidth_slider][\/et_pb_section][et_pb_section fb_built=&#8221;1&#8243; _builder_version=&#8221;4.19.0&#8243; _module_preset=&#8221;default&#8221; background_color=&#8221;RGBA(255,255,255,0)&#8221; custom_padding=&#8221;||||false|false&#8221; global_colors_info=&#8221;{}&#8221;][et_pb_row custom_padding_last_edited=&#8221;on|phone&#8221; _builder_version=&#8221;4.19.0&#8243; _module_preset=&#8221;default&#8221; custom_padding=&#8221;||||false|false&#8221; custom_padding_tablet=&#8221;||||false|false&#8221; custom_padding_phone=&#8221;10px||10px||false|false&#8221; global_colors_info=&#8221;{}&#8221;][et_pb_column type=&#8221;4_4&#8243; _builder_version=&#8221;4.16&#8243; _module_preset=&#8221;default&#8221; global_colors_info=&#8221;{}&#8221;][et_pb_text _builder_version=&#8221;4.19.0&#8243; _module_preset=&#8221;default&#8221; header_font=&#8221;|700|||||||&#8221; header_font_size=&#8221;42px&#8221; header_letter_spacing=&#8221;3px&#8221; header_2_font=&#8221;|700|||||||&#8221; header_2_font_size=&#8221;42px&#8221; header_2_letter_spacing=&#8221;3px&#8221; custom_margin=&#8221;||||false|false&#8221; header_font_size_tablet=&#8221;32px&#8221; header_font_size_phone=&#8221;28px&#8221; header_font_size_last_edited=&#8221;on|phone&#8221; header_letter_spacing_tablet=&#8221;3px&#8221; header_letter_spacing_phone=&#8221;3px&#8221; header_letter_spacing_last_edited=&#8221;on|phone&#8221; global_colors_info=&#8221;{}&#8221;]<\/p>\n<h1>Serveis i activitats<\/h1>\n<p>[\/et_pb_text][et_pb_text _builder_version=&#8221;4.19.0&#8243; _module_preset=&#8221;default&#8221; header_font=&#8221;Poppins|700|||||||&#8221; header_letter_spacing=&#8221;2px&#8221; header_line_height=&#8221;1.2em&#8221; header_2_font=&#8221;Poppins|700||on|||||&#8221; header_2_font_size=&#8221;18px&#8221; header_2_letter_spacing=&#8221;2px&#8221; header_2_line_height=&#8221;1.2em&#8221; custom_margin=&#8221;||0px||false|false&#8221; header_font_size_tablet=&#8221;30px&#8221; header_font_size_phone=&#8221;24px&#8221; header_font_size_last_edited=&#8221;on|phone&#8221; global_colors_info=&#8221;{}&#8221;]<\/p>\n<h2>Serveis inclosos<\/h2>\n<p>[\/et_pb_text][et_pb_text _builder_version=&#8221;4.19.5&#8243; _module_preset=&#8221;default&#8221; text_font=&#8221;|300|||||||&#8221; text_font_size=&#8221;17px&#8221; global_colors_info=&#8221;{}&#8221;]<\/p>\n<p class=\"p1\">L\u00b4elegant i modern Aparthotel The Mirror distribueix els seus apartaments, de 4,5,6 i 8 persones, d\u00b41-2 i 3 habitacions, en un edifici nou amb ascensor. El complex inclou spa i centre de wellness. S&#8217;ofereixen serveis de recepci\u00f3 i de bugaderia.<\/p>\n<p>[\/et_pb_text][et_pb_blurb title=&#8221;La reserva inclou&#8221; use_icon=&#8221;on&#8221; font_icon=&#8221;&#x4e;||divi||400&#8243; icon_placement=&#8221;left&#8221; image_icon_width=&#8221;15px&#8221; content_max_width=&#8221;100%&#8221; _builder_version=&#8221;4.19.5&#8243; _module_preset=&#8221;default&#8221; header_font=&#8221;|700|||||||&#8221; header_font_size=&#8221;15px&#8221; header_letter_spacing=&#8221;1.3px&#8221; body_font=&#8221;|300|||||||&#8221; body_font_size=&#8221;14px&#8221; body_line_height=&#8221;1.3em&#8221; max_width_phone=&#8221;240px&#8221; max_width_last_edited=&#8221;off|desktop&#8221; module_alignment=&#8221;center&#8221; custom_margin=&#8221;||22px||false|false&#8221; custom_css_blurb_image=&#8221;width:15px;||padding-top:2px&#8221; custom_css_blurb_title=&#8221;padding-bottom:5px&#8221; locked=&#8221;off&#8221; global_colors_info=&#8221;{}&#8221;]<\/p>\n<p>Servei de recepci\u00f3<br \/>Spa &amp; Wellness<br \/>Caixa forta<br \/>Tel\u00e8fon<br \/>Taula de planxar amb planxa (pr\u00e8via sol\u00b7licitud)<br \/>M\u00e0quina expenedora<\/p>\n<p>[\/et_pb_blurb][\/et_pb_column][\/et_pb_row][et_pb_row column_structure=&#8221;1_2,1_2&#8243; use_custom_gutter=&#8221;on&#8221; gutter_width=&#8221;1&#8243; make_equal=&#8221;on&#8221; _builder_version=&#8221;4.21.0&#8243; _module_preset=&#8221;default&#8221; hover_enabled=&#8221;0&#8243; global_colors_info=&#8221;{}&#8221; custom_padding=&#8221;||0px||false|false&#8221; sticky_enabled=&#8221;0&#8243;][et_pb_column type=&#8221;1_2&#8243; _builder_version=&#8221;4.19.0&#8243; _module_preset=&#8221;default&#8221; global_colors_info=&#8221;{}&#8221;][et_pb_slider _builder_version=&#8221;4.19.5&#8243; _module_preset=&#8221;default&#8221; min_height=&#8221;300px&#8221; min_height_tablet=&#8221;300px&#8221; min_height_phone=&#8221;56vw&#8221; min_height_last_edited=&#8221;on|phone&#8221; global_colors_info=&#8221;{}&#8221;][et_pb_slide _builder_version=&#8221;4.19.5&#8243; _module_preset=&#8221;default&#8221; background_enable_color=&#8221;off&#8221; background_image=&#8221;https:\/\/the-mirror-andorra.fra1.digitaloceanspaces.com\/wp-content\/uploads\/2023\/03\/BGN_6943.jpg&#8221; background_enable_image=&#8221;on&#8221; global_colors_info=&#8221;{}&#8221; sticky_transition=&#8221;on&#8221;][\/et_pb_slide][et_pb_slide _builder_version=&#8221;4.19.5&#8243; _module_preset=&#8221;default&#8221; background_enable_color=&#8221;off&#8221; background_image=&#8221;https:\/\/the-mirror-andorra.fra1.digitaloceanspaces.com\/wp-content\/uploads\/2023\/03\/BGN_6959.jpg&#8221; background_enable_image=&#8221;on&#8221; global_colors_info=&#8221;{}&#8221; sticky_transition=&#8221;on&#8221;][\/et_pb_slide][et_pb_slide _builder_version=&#8221;4.19.5&#8243; _module_preset=&#8221;default&#8221; background_enable_color=&#8221;off&#8221; background_image=&#8221;https:\/\/the-mirror-andorra.fra1.digitaloceanspaces.com\/wp-content\/uploads\/2022\/12\/image00025-scaled.jpeg&#8221; background_enable_image=&#8221;on&#8221; global_colors_info=&#8221;{}&#8221; sticky_transition=&#8221;on&#8221;][\/et_pb_slide][et_pb_slide _builder_version=&#8221;4.19.5&#8243; _module_preset=&#8221;default&#8221; background_enable_color=&#8221;off&#8221; background_image=&#8221;https:\/\/the-mirror-andorra.fra1.digitaloceanspaces.com\/wp-content\/uploads\/2023\/03\/BGN_6978.jpg&#8221; background_enable_image=&#8221;on&#8221; global_colors_info=&#8221;{}&#8221; sticky_transition=&#8221;on&#8221;][\/et_pb_slide][et_pb_slide _builder_version=&#8221;4.19.5&#8243; _module_preset=&#8221;default&#8221; background_enable_color=&#8221;off&#8221; background_image=&#8221;https:\/\/the-mirror-andorra.fra1.digitaloceanspaces.com\/wp-content\/uploads\/2023\/03\/BGN_6929-scaled.jpg&#8221; background_enable_image=&#8221;on&#8221; global_colors_info=&#8221;{}&#8221; sticky_transition=&#8221;on&#8221;][\/et_pb_slide][\/et_pb_slider][\/et_pb_column][et_pb_column type=&#8221;1_2&#8243; _builder_version=&#8221;4.19.0&#8243; _module_preset=&#8221;default&#8221; background_color=&#8221;#A1A1A1&#8243; custom_padding=&#8221;20px|35px|20px|35px|true|true&#8221; global_colors_info=&#8221;{}&#8221;][et_pb_text _builder_version=&#8221;4.19.0&#8243; _module_preset=&#8221;default&#8221; header_3_font=&#8221;|600|||||||&#8221; header_3_letter_spacing=&#8221;1.5px&#8221; custom_margin=&#8221;20px||5px||false|false&#8221; global_colors_info=&#8221;{}&#8221;]<\/p>\n<h3>Spa &amp; Wellness<\/h3>\n<p>[\/et_pb_text][et_pb_text _builder_version=&#8221;4.21.0&#8243; _module_preset=&#8221;default&#8221; text_font=&#8221;||||||||&#8221; text_font_size=&#8221;14px&#8221; hover_enabled=&#8221;0&#8243; global_colors_info=&#8221;{}&#8221; custom_margin=&#8221;||||false|false&#8221; sticky_enabled=&#8221;0&#8243;]<\/p>\n<p>Spa&amp;Wellness disposa de sales de tractament. Els serveis inclouen massatges a petici\u00f3 i disponibilitat. Aquest spa est\u00e0 equipat amb sauna, bany turc i bany turc\/hammam.<br \/>L&#8217;spa \u00e9s obert cada dia, amb sol\u00b7licitud pr\u00e8via. No es permet l&#8217;entrada a l&#8217;spa de nens menors de 13 anys sense supervisi\u00f3 d&#8217;un adult. Els clients menors de 3 anys no permeten l&#8217;entrada a l&#8217;spa.<\/p>\n<p>[\/et_pb_text][\/et_pb_column][\/et_pb_row][et_pb_row _builder_version=&#8221;4.21.0&#8243; _module_preset=&#8221;default&#8221;][et_pb_column _builder_version=&#8221;4.21.0&#8243; _module_preset=&#8221;default&#8221; type=&#8221;4_4&#8243;][et_pb_text _builder_version=&#8221;4.21.0&#8243; _module_preset=&#8221;default&#8221; sticky_enabled=&#8221;0&#8243; text_font=&#8221;||||||||&#8221; text_font_size=&#8221;12px&#8221; text_line_height=&#8221;1.3em&#8221; hover_enabled=&#8221;0&#8243; text_text_color=&#8221;#CAC1B8&#8243; text_letter_spacing=&#8221;0.5px&#8221; text_orientation=&#8221;center&#8221; text_orientation_last_edited=&#8221;on|phone&#8221; text_orientation_tablet=&#8221;&#8221; text_orientation_phone=&#8221;&#8221;]<\/p>\n<p><strong>Horari del Spa<\/strong>: de 10 a 21 hores per a adults. 12 a 16 hores per a menors de 12 anys &#8211; sempre acompanyats d&#8217;un adult &#8211;<\/p>\n<p>[\/et_pb_text][\/et_pb_column][\/et_pb_row][\/et_pb_section][et_pb_section fb_built=&#8221;1&#8243; _builder_version=&#8221;4.19.0&#8243; _module_preset=&#8221;default&#8221; background_color=&#8221;RGBA(255,255,255,0)&#8221; background_enable_pattern_style=&#8221;on&#8221; background_pattern_style=&#8221;zig-zag-2&#8243; background_pattern_color=&#8221;rgba(255,255,255,0.59)&#8221; background_pattern_size=&#8221;custom&#8221; background_pattern_width=&#8221;12px&#8221; background_pattern_height=&#8221;4px&#8221; width=&#8221;80vw&#8221; max_width=&#8221;1080px&#8221; module_alignment=&#8221;center&#8221; height=&#8221;8px&#8221; custom_padding=&#8221;0px||0px||false|false&#8221; global_colors_info=&#8221;{}&#8221;][\/et_pb_section][et_pb_section fb_built=&#8221;1&#8243; _builder_version=&#8221;4.19.0&#8243; _module_preset=&#8221;default&#8221; background_color=&#8221;RGBA(255,255,255,0)&#8221; custom_padding=&#8221;30px||0px||false|false&#8221; global_colors_info=&#8221;{}&#8221;][et_pb_row _builder_version=&#8221;4.16&#8243; _module_preset=&#8221;default&#8221; custom_padding=&#8221;36px||57px|||&#8221; global_colors_info=&#8221;{}&#8221;][et_pb_column type=&#8221;4_4&#8243; _builder_version=&#8221;4.16&#8243; _module_preset=&#8221;default&#8221; global_colors_info=&#8221;{}&#8221;][et_pb_text _builder_version=&#8221;4.19.0&#8243; _module_preset=&#8221;default&#8221; header_font=&#8221;Poppins|700|||||||&#8221; header_letter_spacing=&#8221;2px&#8221; header_line_height=&#8221;1.2em&#8221; header_2_font=&#8221;Poppins|700||on|||||&#8221; header_2_font_size=&#8221;18px&#8221; header_2_letter_spacing=&#8221;2px&#8221; header_2_line_height=&#8221;1.2em&#8221; custom_margin=&#8221;||0px||false|false&#8221; header_font_size_tablet=&#8221;30px&#8221; header_font_size_phone=&#8221;24px&#8221; header_font_size_last_edited=&#8221;on|phone&#8221; global_colors_info=&#8221;{}&#8221;]<\/p>\n<h2>Serveis contractables<\/h2>\n<p>[\/et_pb_text][et_pb_text _builder_version=&#8221;4.19.5&#8243; _module_preset=&#8221;default&#8221; text_font=&#8221;|300|||||||&#8221; text_font_size=&#8221;17px&#8221; global_colors_info=&#8221;{}&#8221;]<\/p>\n<p class=\"p1\">Consulteu-nos sobre el llistat complet de serveis contractables disponibles al moment de la vostra reserva.<\/p>\n<p>[\/et_pb_text][\/et_pb_column][\/et_pb_row][\/et_pb_section][et_pb_section fb_built=&#8221;1&#8243; fullwidth=&#8221;on&#8221; _builder_version=&#8221;4.19.0&#8243; _module_preset=&#8221;default&#8221; background_enable_color=&#8221;off&#8221; global_colors_info=&#8221;{}&#8221;][et_pb_fullwidth_slider _builder_version=&#8221;4.19.0&#8243; _module_preset=&#8221;default&#8221; height=&#8221;60vh&#8221; height_tablet=&#8221;46vw&#8221; height_phone=&#8221;70vw&#8221; height_last_edited=&#8221;on|phone&#8221; auto=&#8221;on&#8221; auto_speed=&#8221;4000&#8243; global_colors_info=&#8221;{}&#8221;][et_pb_slide _builder_version=&#8221;4.19.0&#8243; _module_preset=&#8221;default&#8221; background_enable_color=&#8221;off&#8221; background_image=&#8221;https:\/\/the-mirror-andorra.fra1.digitaloceanspaces.com\/wp-content\/uploads\/2022\/11\/TIROLINA-1-scaled.jpg&#8221; background_enable_image=&#8221;on&#8221; global_colors_info=&#8221;{}&#8221; sticky_transition=&#8221;on&#8221;][\/et_pb_slide][et_pb_slide _builder_version=&#8221;4.19.0&#8243; _module_preset=&#8221;default&#8221; background_enable_color=&#8221;off&#8221; background_image=&#8221;https:\/\/the-mirror-andorra.fra1.digitaloceanspaces.com\/wp-content\/uploads\/2022\/11\/sessio_fotos_activitats_aventura_grau_roig_roc_roi_25-scaled.jpg&#8221; background_enable_image=&#8221;on&#8221; global_colors_info=&#8221;{}&#8221; sticky_transition=&#8221;on&#8221;][\/et_pb_slide][et_pb_slide _builder_version=&#8221;4.19.0&#8243; _module_preset=&#8221;default&#8221; background_enable_color=&#8221;off&#8221; background_image=&#8221;https:\/\/the-mirror-andorra.fra1.digitaloceanspaces.com\/wp-content\/uploads\/2022\/11\/Fotos-estiu-2016-Pessons-61-1-scaled.jpg&#8221; background_enable_image=&#8221;on&#8221; global_colors_info=&#8221;{}&#8221; sticky_transition=&#8221;on&#8221;][\/et_pb_slide][\/et_pb_fullwidth_slider][\/et_pb_section][et_pb_section fb_built=&#8221;1&#8243; _builder_version=&#8221;4.19.0&#8243; _module_preset=&#8221;default&#8221; background_color=&#8221;RGBA(255,255,255,0)&#8221; custom_padding=&#8221;||||false|false&#8221; global_colors_info=&#8221;{}&#8221;][et_pb_row custom_padding_last_edited=&#8221;on|phone&#8221; _builder_version=&#8221;4.19.0&#8243; _module_preset=&#8221;default&#8221; custom_padding=&#8221;||||false|false&#8221; custom_padding_tablet=&#8221;||||false|false&#8221; custom_padding_phone=&#8221;10px||||false|false&#8221; global_colors_info=&#8221;{}&#8221;][et_pb_column type=&#8221;4_4&#8243; _builder_version=&#8221;4.16&#8243; _module_preset=&#8221;default&#8221; global_colors_info=&#8221;{}&#8221;][et_pb_text _builder_version=&#8221;4.19.0&#8243; _module_preset=&#8221;default&#8221; header_font=&#8221;Poppins|700|||||||&#8221; header_letter_spacing=&#8221;2px&#8221; header_line_height=&#8221;1.2em&#8221; header_2_font=&#8221;Poppins|700||on|||||&#8221; header_2_font_size=&#8221;18px&#8221; header_2_letter_spacing=&#8221;2px&#8221; header_2_line_height=&#8221;1.2em&#8221; custom_margin=&#8221;||0px||false|false&#8221; header_font_size_tablet=&#8221;30px&#8221; header_font_size_phone=&#8221;24px&#8221; header_font_size_last_edited=&#8221;on|phone&#8221; global_colors_info=&#8221;{}&#8221;]<\/p>\n<h2>Actividades<\/h2>\n<p>[\/et_pb_text][et_pb_text _builder_version=&#8221;4.19.0&#8243; _module_preset=&#8221;default&#8221; header_font=&#8221;|700|||||||&#8221; header_font_size=&#8221;42px&#8221; header_letter_spacing=&#8221;3px&#8221; header_2_font=&#8221;|700|||||||&#8221; header_2_font_size=&#8221;42px&#8221; header_2_letter_spacing=&#8221;3px&#8221; custom_margin=&#8221;||0px||false|false&#8221; header_font_size_tablet=&#8221;32px&#8221; header_font_size_phone=&#8221;28px&#8221; header_font_size_last_edited=&#8221;on|phone&#8221; header_letter_spacing_tablet=&#8221;3px&#8221; header_letter_spacing_phone=&#8221;3px&#8221; header_letter_spacing_last_edited=&#8221;on|phone&#8221; header_2_font_size_tablet=&#8221;32px&#8221; header_2_font_size_phone=&#8221;28px&#8221; header_2_font_size_last_edited=&#8221;on|phone&#8221; header_2_letter_spacing_tablet=&#8221;3px&#8221; header_2_letter_spacing_phone=&#8221;3px&#8221; header_2_letter_spacing_last_edited=&#8221;on|phone&#8221; global_colors_info=&#8221;{}&#8221;]<\/p>\n<h2>Gaudiu al m\u00e0xim de la vostra estada<\/h2>\n<p>[\/et_pb_text][et_pb_text _builder_version=&#8221;4.19.4&#8243; _module_preset=&#8221;default&#8221; text_font=&#8221;|300|||||||&#8221; text_font_size=&#8221;17px&#8221; global_colors_info=&#8221;{}&#8221;]Tant a l&#8217;hivern com a l&#8217;estiu, Andorra ofereix moltes activitats per gaudir.<\/p>\n<p>Viu al m\u00e0xim l&#8217;estaci\u00f3 d&#8217;esqu\u00ed m\u00e9s gran del Sud d&#8217;Europa la temporada d&#8217;hivern. No us perdeu l&#8217;oportunitat d&#8217;experimentar un dels punts preferits pels amants dels esports de neu a nivell mundial.<\/p>\n<p>A l&#8217;estiu, deixa&#8217;t meravellar pels paisatges inoblidables que ofereixen els Pirineus. Diverteix-te amb una gran varietat d\u00b4activitats esportives i d\u00b4oci entre els llacs i muntanyes d\u00b4Andorra.[\/et_pb_text][\/et_pb_column][\/et_pb_row][et_pb_row column_structure=&#8221;1_2,1_2&#8243; use_custom_gutter=&#8221;on&#8221; gutter_width=&#8221;1&#8243; make_equal=&#8221;on&#8221; _builder_version=&#8221;4.19.0&#8243; _module_preset=&#8221;default&#8221; global_colors_info=&#8221;{}&#8221;][et_pb_column type=&#8221;1_2&#8243; _builder_version=&#8221;4.19.0&#8243; _module_preset=&#8221;default&#8221; global_colors_info=&#8221;{}&#8221;][et_pb_slider _builder_version=&#8221;4.19.0&#8243; _module_preset=&#8221;default&#8221; min_height=&#8221;300px&#8221; min_height_tablet=&#8221;300px&#8221; min_height_phone=&#8221;56vw&#8221; min_height_last_edited=&#8221;on|phone&#8221; locked=&#8221;off&#8221; global_colors_info=&#8221;{}&#8221;][et_pb_slide _builder_version=&#8221;4.19.0&#8243; _module_preset=&#8221;default&#8221; background_enable_color=&#8221;off&#8221; background_image=&#8221;https:\/\/the-mirror-andorra.fra1.digitaloceanspaces.com\/wp-content\/uploads\/2020\/11\/11032020-Actividades_Mushing_Amigos_Grau_Emilio-77-2_resultado.jpg&#8221; background_enable_image=&#8221;on&#8221; locked=&#8221;off&#8221; global_colors_info=&#8221;{}&#8221; sticky_transition=&#8221;on&#8221;][\/et_pb_slide][et_pb_slide _builder_version=&#8221;4.19.0&#8243; _module_preset=&#8221;default&#8221; background_enable_color=&#8221;off&#8221; background_image=&#8221;https:\/\/the-mirror-andorra.fra1.digitaloceanspaces.com\/wp-content\/uploads\/2020\/11\/11032020-Actividades_Motos-de-nieve_Amigos_Grau_Emilio-21-2_resultado.jpg&#8221; background_enable_image=&#8221;on&#8221; locked=&#8221;off&#8221; global_colors_info=&#8221;{}&#8221; sticky_transition=&#8221;on&#8221;][\/et_pb_slide][et_pb_slide _builder_version=&#8221;4.19.0&#8243; _module_preset=&#8221;default&#8221; background_enable_color=&#8221;off&#8221; background_image=&#8221;https:\/\/the-mirror-andorra.fra1.digitaloceanspaces.com\/wp-content\/uploads\/2020\/11\/24022020-Tiro-al-Arco_Actividades_Grau_Familia_Emilio-31-2_resultado.jpg&#8221; background_enable_image=&#8221;on&#8221; locked=&#8221;off&#8221; global_colors_info=&#8221;{}&#8221; sticky_transition=&#8221;on&#8221;][\/et_pb_slide][\/et_pb_slider][\/et_pb_column][et_pb_column type=&#8221;1_2&#8243; _builder_version=&#8221;4.19.0&#8243; _module_preset=&#8221;default&#8221; background_color=&#8221;#A1A1A1&#8243; custom_padding=&#8221;20px|35px|20px|35px|true|true&#8221; global_colors_info=&#8221;{}&#8221;][et_pb_text _builder_version=&#8221;4.19.4&#8243; _module_preset=&#8221;default&#8221; header_3_font=&#8221;|600|||||||&#8221; header_3_font_size=&#8221;20px&#8221; header_3_letter_spacing=&#8221;1.5px&#8221; custom_margin=&#8221;15px||0px||false|false&#8221; global_colors_info=&#8221;{}&#8221;]<\/p>\n<h3>Acci\u00f3 tot l\u00b4any<\/h3>\n<p>[\/et_pb_text][et_pb_text _builder_version=&#8221;4.19.4&#8243; _module_preset=&#8221;default&#8221; text_font=&#8221;||||||||&#8221; text_font_size=&#8221;14px&#8221; global_colors_info=&#8221;{}&#8221;]A l&#8217;hivern, viu l&#8217;eperi\u00e8ncia d&#8217;esqu\u00ed alp\u00ed o de muntanya, heli-esqu\u00ed, raquetes de neu, motos de neu, trineu de gossos, excursions nocturnes a la llum de les sestrelles, tobogan alp\u00ed, vol panor\u00e0mic amb helic\u00f2pter, i molt m\u00e9s.<\/p>\n<p> A l&#8217;estiu, diverteix-te amb una ruta amb bici de muntanya, vol panor\u00e0mic amb helic\u00f2pter, senderisme, vies ferrades, escalada, r\u00e0fting, pesca, compres, museus i centres culturals.[\/et_pb_text][\/et_pb_column][\/et_pb_row][\/et_pb_section]<\/p>\n","protected":false},"excerpt":{"rendered":"<p>Serveis i activitatsServeis inclososL\u00b4elegant i modern Aparthotel The Mirror distribueix els seus apartaments, de 4,5,6 i 8 persones, d\u00b41-2 i 3 habitacions, en un edifici nou amb ascensor. El complex inclou spa i centre de wellness. S&#8217;ofereixen serveis de recepci\u00f3 i de bugaderia.Servei de recepci\u00f3Spa &amp; WellnessCaixa fortaTel\u00e8fonTaula de planxar amb planxa (pr\u00e8via sol\u00b7licitud)M\u00e0quina expenedoraSpa [&hellip;]<\/p>\n","protected":false},"author":1,"featured_media":0,"parent":0,"menu_order":0,"comment_status":"closed","ping_status":"closed","template":"","meta":{"_et_pb_use_builder":"on","_et_pb_old_content":"","_et_gb_content_width":"","_joinchat":[],"footnotes":""},"class_list":["post-51704","page","type-page","status-publish","hentry"],"_links":{"self":[{"href":"https:\/\/themirrorandorra.com\/ca\/wp-json\/wp\/v2\/pages\/51704","targetHints":{"allow":["GET"]}}],"collection":[{"href":"https:\/\/themirrorandorra.com\/ca\/wp-json\/wp\/v2\/pages"}],"about":[{"href":"https:\/\/themirrorandorra.com\/ca\/wp-json\/wp\/v2\/types\/page"}],"author":[{"embeddable":true,"href":"https:\/\/themirrorandorra.com\/ca\/wp-json\/wp\/v2\/users\/1"}],"replies":[{"embeddable":true,"href":"https:\/\/themirrorandorra.com\/ca\/wp-json\/wp\/v2\/comments?post=51704"}],"version-history":[{"count":0,"href":"https:\/\/themirrorandorra.com\/ca\/wp-json\/wp\/v2\/pages\/51704\/revisions"}],"wp:attachment":[{"href":"https:\/\/themirrorandorra.com\/ca\/wp-json\/wp\/v2\/media?parent=51704"}],"curies":[{"name":"wp","href":"https:\/\/api.w.org\/{rel}","templated":true}]}}